{"id":1370,"date":"2024-06-13T10:44:54","date_gmt":"2024-06-13T14:44:54","guid":{"rendered":"https:\/\/www.cqcd.org\/equipe\/"},"modified":"2025-09-29T11:00:19","modified_gmt":"2025-09-29T15:00:19","slug":"team","status":"publish","type":"page","link":"https:\/\/www.cqcd.org\/en\/team\/","title":{"rendered":"Team"},"content":{"rendered":"","protected":false},"excerpt":{"rendered":"","protected":false},"author":1,"featured_media":0,"parent":0,"menu_order":0,"comment_status":"closed","ping_status":"closed","template":"template-teams.php","meta":{"_acf_changed":false,"footnotes":""},"class_list":["post-1370","page","type-page","status-publish","hentry"],"acf":[],"yoast_head":"<!-- This site is optimized with the Yoast SEO plugin v27.2 - https:\/\/yoast.com\/product\/yoast-seo-wordpress\/ -->\n<title>Team - Retail Council of Quebec<\/title>\n<meta name=\"description\" content=\"Meet the permanent team of the Retail Council of Quebec! Feel free to contact them with any questions.\" \/>\n<meta name=\"robots\" content=\"index, follow, max-snippet:-1, max-image-preview:large, max-video-preview:-1\" \/>\n<link rel=\"canonical\" href=\"https:\/\/www.cqcd.org\/en\/team\/\" \/>\n<meta property=\"og:locale\" content=\"en_US\" \/>\n<meta property=\"og:type\" content=\"article\" \/>\n<meta property=\"og:title\" content=\"Team - Retail Council of Quebec\" \/>\n<meta property=\"og:description\" content=\"Meet the permanent team of the Retail Council of Quebec! Feel free to contact them with any questions.\" \/>\n<meta property=\"og:url\" content=\"https:\/\/www.cqcd.org\/en\/team\/\" \/>\n<meta property=\"og:site_name\" content=\"Conseil qu\u00e9b\u00e9cois du commerce de d\u00e9tail\" \/>\n<meta property=\"article:modified_time\" content=\"2025-09-29T15:00:19+00:00\" \/>\n<meta property=\"og:image\" content=\"https:\/\/www.cqcd.org\/wp-content\/uploads\/2024\/07\/Equipe-CQCD-1.jpg\" \/>\n\t<meta property=\"og:image:width\" content=\"1200\" \/>\n\t<meta property=\"og:image:height\" content=\"630\" \/>\n\t<meta property=\"og:image:type\" content=\"image\/jpeg\" \/>\n<meta name=\"twitter:card\" content=\"summary_large_image\" \/>\n<script type=\"application\/ld+json\" class=\"yoast-schema-graph\">{\"@context\":\"https:\/\/schema.org\",\"@graph\":[{\"@type\":\"WebPage\",\"@id\":\"https:\/\/www.cqcd.org\/en\/team\/\",\"url\":\"https:\/\/www.cqcd.org\/en\/team\/\",\"name\":\"Team - Retail Council of Quebec\",\"isPartOf\":{\"@id\":\"https:\/\/www.cqcd.org\/en\/#website\"},\"datePublished\":\"2024-06-13T14:44:54+00:00\",\"dateModified\":\"2025-09-29T15:00:19+00:00\",\"description\":\"Meet the permanent team of the Retail Council of Quebec! Feel free to contact them with any questions.\",\"breadcrumb\":{\"@id\":\"https:\/\/www.cqcd.org\/en\/team\/#breadcrumb\"},\"inLanguage\":\"en-US\",\"potentialAction\":[{\"@type\":\"ReadAction\",\"target\":[\"https:\/\/www.cqcd.org\/en\/team\/\"]}]},{\"@type\":\"BreadcrumbList\",\"@id\":\"https:\/\/www.cqcd.org\/en\/team\/#breadcrumb\",\"itemListElement\":[{\"@type\":\"ListItem\",\"position\":1,\"name\":\"Accueil\",\"item\":\"https:\/\/www.cqcd.org\/en\/\"},{\"@type\":\"ListItem\",\"position\":2,\"name\":\"Team\"}]},{\"@type\":\"WebSite\",\"@id\":\"https:\/\/www.cqcd.org\/en\/#website\",\"url\":\"https:\/\/www.cqcd.org\/en\/\",\"name\":\"Conseil qu\u00e9b\u00e9cois du commerce de d\u00e9tail\",\"description\":\"\",\"potentialAction\":[{\"@type\":\"SearchAction\",\"target\":{\"@type\":\"EntryPoint\",\"urlTemplate\":\"https:\/\/www.cqcd.org\/en\/?s={search_term_string}\"},\"query-input\":{\"@type\":\"PropertyValueSpecification\",\"valueRequired\":true,\"valueName\":\"search_term_string\"}}],\"inLanguage\":\"en-US\"}]}<\/script>\n<!-- \/ Yoast SEO plugin. -->","yoast_head_json":{"title":"Team - Retail Council of Quebec","description":"Meet the permanent team of the Retail Council of Quebec! Feel free to contact them with any questions.","robots":{"index":"index","follow":"follow","max-snippet":"max-snippet:-1","max-image-preview":"max-image-preview:large","max-video-preview":"max-video-preview:-1"},"canonical":"https:\/\/www.cqcd.org\/en\/team\/","og_locale":"en_US","og_type":"article","og_title":"Team - Retail Council of Quebec","og_description":"Meet the permanent team of the Retail Council of Quebec! Feel free to contact them with any questions.","og_url":"https:\/\/www.cqcd.org\/en\/team\/","og_site_name":"Conseil qu\u00e9b\u00e9cois du commerce de d\u00e9tail","article_modified_time":"2025-09-29T15:00:19+00:00","og_image":[{"width":1200,"height":630,"url":"https:\/\/www.cqcd.org\/wp-content\/uploads\/2024\/07\/Equipe-CQCD-1.jpg","type":"image\/jpeg"}],"twitter_card":"summary_large_image","schema":{"@context":"https:\/\/schema.org","@graph":[{"@type":"WebPage","@id":"https:\/\/www.cqcd.org\/en\/team\/","url":"https:\/\/www.cqcd.org\/en\/team\/","name":"Team - Retail Council of Quebec","isPartOf":{"@id":"https:\/\/www.cqcd.org\/en\/#website"},"datePublished":"2024-06-13T14:44:54+00:00","dateModified":"2025-09-29T15:00:19+00:00","description":"Meet the permanent team of the Retail Council of Quebec! Feel free to contact them with any questions.","breadcrumb":{"@id":"https:\/\/www.cqcd.org\/en\/team\/#breadcrumb"},"inLanguage":"en-US","potentialAction":[{"@type":"ReadAction","target":["https:\/\/www.cqcd.org\/en\/team\/"]}]},{"@type":"BreadcrumbList","@id":"https:\/\/www.cqcd.org\/en\/team\/#breadcrumb","itemListElement":[{"@type":"ListItem","position":1,"name":"Accueil","item":"https:\/\/www.cqcd.org\/en\/"},{"@type":"ListItem","position":2,"name":"Team"}]},{"@type":"WebSite","@id":"https:\/\/www.cqcd.org\/en\/#website","url":"https:\/\/www.cqcd.org\/en\/","name":"Conseil qu\u00e9b\u00e9cois du commerce de d\u00e9tail","description":"","potentialAction":[{"@type":"SearchAction","target":{"@type":"EntryPoint","urlTemplate":"https:\/\/www.cqcd.org\/en\/?s={search_term_string}"},"query-input":{"@type":"PropertyValueSpecification","valueRequired":true,"valueName":"search_term_string"}}],"inLanguage":"en-US"}]}},"_links":{"self":[{"href":"https:\/\/www.cqcd.org\/en\/wp-json\/wp\/v2\/pages\/1370","targetHints":{"allow":["GET"]}}],"collection":[{"href":"https:\/\/www.cqcd.org\/en\/wp-json\/wp\/v2\/pages"}],"about":[{"href":"https:\/\/www.cqcd.org\/en\/wp-json\/wp\/v2\/types\/page"}],"author":[{"embeddable":true,"href":"https:\/\/www.cqcd.org\/en\/wp-json\/wp\/v2\/users\/1"}],"replies":[{"embeddable":true,"href":"https:\/\/www.cqcd.org\/en\/wp-json\/wp\/v2\/comments?post=1370"}],"version-history":[{"count":7,"href":"https:\/\/www.cqcd.org\/en\/wp-json\/wp\/v2\/pages\/1370\/revisions"}],"predecessor-version":[{"id":13039,"href":"https:\/\/www.cqcd.org\/en\/wp-json\/wp\/v2\/pages\/1370\/revisions\/13039"}],"wp:attachment":[{"href":"https:\/\/www.cqcd.org\/en\/wp-json\/wp\/v2\/media?parent=1370"}],"curies":[{"name":"wp","href":"https:\/\/api.w.org\/{rel}","templated":true}]}}