{"id":1697,"date":"2024-07-03T13:50:05","date_gmt":"2024-07-03T17:50:05","guid":{"rendered":"https:\/\/www.cqcd.org\/optimisez-vos-strategies-rh-outils-gratuits\/"},"modified":"2024-07-04T15:59:42","modified_gmt":"2024-07-04T19:59:42","slug":"hr-strategies-and-tools-for-retail-businesses","status":"publish","type":"page","link":"https:\/\/www.cqcd.org\/en\/hr-strategies-and-tools-for-retail-businesses\/","title":{"rendered":"HR strategies and tools for retail businesses"},"content":{"rendered":"    \n\n\n\n\n\n\n\n\n\n\n\n\n\n<section data-module='m03a' class=\"md:u-pt-fl m-content m-content--image-double   u-bg-[var(--module-background-color)] \" style=\"--module-background-color:var(--color-root-white); --pt-min-value:0; --pt-max-value:0;\">\n        <div class=\"l-container \" style=\"\" >\n        <div class=\"m-content__content u-pt-fl u-pb-fl u-px-fl u-text-[var(--module-text-color)]   \" style=\"--pt-min-value:7; --pt-max-value:10; --pb-min-value:7; --pb-max-value:10; --px-min-value:0; --px-max-value:0; \n                            \n         \n\n    \n    --module-text-color:var(--root-color); --module-subtitle-color:var(--root-color); --module-image-bg-pattern-color:var(--color-quaternary-500); --module-typography-ul-marker-color:var(--color-primary-500); --module-typography-link-color:var(--color-primary-500); --module-typography-link-hover-color:var(--color-primary-500); --module-legend-text-color:var(--color-primary-500);\n \">\n            \n                                            \n                \n\n\n\n\n\n\n\n\n\n\n\n\n<main class=\"l-grid   l-grid--2@md   u-items-center  u-justify-start u-gap-y-fl u-text-left\" style=\"--gap-y-min-value:5; --gap-y-max-value:7; --grid-gutter:    \n                \n                \n    clamp(1.5000rem, 1.2727rem + 0.60606060606061vw, 2.0000rem)\n;\">\n                    <div class=\"l-grid__block\">\n            <picture     \n                        \n                                        \n                                            \n                                                                            \n                        \n     class=\"c-image   c-image-has-bg-pattern c-image-has-bg-pattern--right\" style=\"--border-radius: 8; --radius: 0; --image-bg-pattern-offset-amount:9; --image-bg-pattern-mobile-offset-amount:4.5; --image-bg-pattern-color:var(--color-quaternary-500);\"\n>\n    \n    \n    \n            <source\n            media=\"(min-width: 900px)\"\n            srcset=\"https:\/\/www.cqcd.org\/wp-content\/uploads\/2024\/06\/Rectangle-21-1200x900.jpg\"\n            type=\"image\/jpeg\"\n        >\n            <source\n            media=\"(min-width: 800px)\"\n            srcset=\"https:\/\/www.cqcd.org\/wp-content\/uploads\/2024\/06\/Rectangle-21-800x600.jpg\"\n            type=\"image\/jpeg\"\n        >\n            <source\n            media=\"(min-width: 400px)\"\n            srcset=\"https:\/\/www.cqcd.org\/wp-content\/uploads\/2024\/06\/Rectangle-21-400x300.jpg\"\n            type=\"image\/jpeg\"\n        >\n        <img loading=\"lazy\" decoding=\"async\"     \n                        \n                                        \n                                            \n                                        \n                                            \n                                        \n                                            \n                                        \n                                            \n                                        \n                                                                    \n                                        \n                                            \n                                                                            \n                        \n     class=\"u-w-full u-h-auto\" src=\"https:\/\/www.cqcd.org\/wp-content\/uploads\/2024\/06\/Rectangle-21-1200x900.jpg\" alt width=\"1200\" height=\"900\" fetchpriority=\"auto\" style=\"\"\n\/>\n\n    <\/picture>\n        <\/div>\n                    <div class=\"l-grid__block\">\n            <div class=\"c-subtitle u-text-[var(--module-subtitle-color)] u-mb-4 u-text-140 u-font-semibold u-font-secondary\" >\n        Helping organizations address workforce challenges: Free HR Tools\n    <\/div>\n\n    <h2 target class=\"c-title    c-title--300\" style=\"--title-emphasis-color: var(--color-root-white);\">\n        HR management for retail businesses\n            <\/h2>\n\n                                        \n\n\n\n\n\n\n\n\n\n\n\n\n<div class=\"c-typography  u-mt-6 c-typography--paragraph-size\" style=\"--typography-paragraph-font-size: var(--font-size-180); --typography-max-width: 100%;\">\n    <p class=\"MsoNormal\">The Retail Council of Quebec is pleased to offer a set of free tools designed to help retail organizations optimize and develop their human resources strategies, particularly around recruitment and retention. We have developed these resources in collaboration with experienced HR professionals who have provided their valuable experience to many small and medium-sized businesses in the sector over the years.<\/p>\n\n<\/div>\n        <\/div>\n    <\/main>\n                                <\/div>\n    <\/div>\n<\/section>\n\n\n    \n\n\n\n<section class=\"m-file u-pt-fl u-pb-fl u-bg-[var(--module-background-color)] u-text-[var(--module-text-color)]\"\n    data-module=\"m13\"\n    style=\"\n        --pt-min-value: 7;\n        --pt-max-value: 10;\n        --pb-min-value: 7;\n        --pb-max-value: 10;\n\n        --module-background-color: transparent;\n        --module-text-color: var(--root-color);\n        --module-gap: calc(var(--root-baseline) * 2);\n    \"\n>\n    <div class=\"l-container\">\n                    \n            \n\n\n\n\n\n\n\n<header class=\"m-module-header u-pt-fl u-pb-fl u-flex u-flex-col  u-items-start u-justify-start u-gap-[var(--module-header-gap)] u-bg-[var(--module-background-color)] u-text-[var(--module-text-color)]\" style=\"--module-header-gap: calc(var(--root-baseline) * 3); --module-background-color: transparent; --module-text-color: currentColor; --pt-min-value: 0; --pt-max-value: 0; --pb-min-value: 5; --pb-max-value: 9;\">\n    <div class=\"m-module-header__header\">\n                    \n\n\n\n\n\n\n    \n\n\n\n\n\n\n    <h2 target class=\"c-title    c-title--300         m-module-header__title\" style=\"--title-emphasis-color: var(--color-root-white);\">\n        Explore our HR toolbox (in french only)\n            <\/h2>\n\n                    <\/div>\n        <\/header>\n                <div class=\"u-flex u-flex-col u-gap-[var(--module-gap)]\">\n                            \n\n\n\n\n\n        \n\n\n\n\n\n\n\n<a href=\"https:\/\/www.cqcd.org\/wp-content\/uploads\/2024\/07\/1133-CQCD_Outils-AccRH_FormEntrevue2023.pdf\" target=\"_blank\" class=\"c-file\" data-anchor  aria-labelledby=\"file-427065050\" download>\n    <div class=\"c-file__icon\">\n        \n\n\n\n\n\n\n\n    <svg class=\"icons icons--download-solid\"  aria-hidden=\"true\">\n                <use href=\"\/wp-content\/themes\/globalia-theme\/dist\/icons\/icon-system.svg#download-solid\"><\/use>\n    <\/svg>\n    <\/div>\n    <div class=\"c-file__content\">\n        <div class=\"c-file__title\" id=\"file-427065050\">Grille d&#8217;entrevue de s\u00e9lection<\/div>\n        \n\n\n\n\n\n\n\n\n\n\n\n\n<div class=\"c-typography  u-hidden sm:u-inline-block\" style=\"--typography-max-width: 100%;\">\n    157 kb\n<\/div>\n    <\/div>\n<\/a>\n                            \n\n\n\n\n\n        \n\n\n\n\n\n\n\n<a href=\"https:\/\/www.cqcd.org\/wp-content\/uploads\/2024\/07\/1133-CQCD_Outils-AccRH_QuestTelephonique2023.pdf\" target=\"_blank\" class=\"c-file\" data-anchor  aria-labelledby=\"file-952101944\" download>\n    <div class=\"c-file__icon\">\n        \n\n\n\n\n\n\n\n    <svg class=\"icons icons--download-solid\"  aria-hidden=\"true\">\n                <use href=\"\/wp-content\/themes\/globalia-theme\/dist\/icons\/icon-system.svg#download-solid\"><\/use>\n    <\/svg>\n    <\/div>\n    <div class=\"c-file__content\">\n        <div class=\"c-file__title\" id=\"file-952101944\">Questionnaire d&#8217;entrevue t\u00e9l\u00e9phonique<\/div>\n        \n\n\n\n\n\n\n\n\n\n\n\n\n<div class=\"c-typography  u-hidden sm:u-inline-block\" style=\"--typography-max-width: 100%;\">\n    33 kb\n<\/div>\n    <\/div>\n<\/a>\n                            \n\n\n\n\n\n        \n\n\n\n\n\n\n\n<a href=\"https:\/\/www.cqcd.org\/wp-content\/uploads\/2024\/07\/1133-CQCD_Outils-AccRH_RemunerationGlobale2023.pdf\" target=\"_blank\" class=\"c-file\" data-anchor  aria-labelledby=\"file-792152094\" download>\n    <div class=\"c-file__icon\">\n        \n\n\n\n\n\n\n\n    <svg class=\"icons icons--download-solid\"  aria-hidden=\"true\">\n                <use href=\"\/wp-content\/themes\/globalia-theme\/dist\/icons\/icon-system.svg#download-solid\"><\/use>\n    <\/svg>\n    <\/div>\n    <div class=\"c-file__content\">\n        <div class=\"c-file__title\" id=\"file-792152094\">R\u00e9mun\u00e9ration globale<\/div>\n        \n\n\n\n\n\n\n\n\n\n\n\n\n<div class=\"c-typography  u-hidden sm:u-inline-block\" style=\"--typography-max-width: 100%;\">\n    54 kb\n<\/div>\n    <\/div>\n<\/a>\n                            \n\n\n\n\n\n        \n\n\n\n\n\n\n\n<a href=\"https:\/\/www.cqcd.org\/wp-content\/uploads\/2024\/07\/1133-CQCD_Outils-AccRH_MarqueEmployeur2023.pdf\" target=\"_blank\" class=\"c-file\" data-anchor  aria-labelledby=\"file-1560404038\" download>\n    <div class=\"c-file__icon\">\n        \n\n\n\n\n\n\n\n    <svg class=\"icons icons--download-solid\"  aria-hidden=\"true\">\n                <use href=\"\/wp-content\/themes\/globalia-theme\/dist\/icons\/icon-system.svg#download-solid\"><\/use>\n    <\/svg>\n    <\/div>\n    <div class=\"c-file__content\">\n        <div class=\"c-file__title\" id=\"file-1560404038\">Marque employeur<\/div>\n        \n\n\n\n\n\n\n\n\n\n\n\n\n<div class=\"c-typography  u-hidden sm:u-inline-block\" style=\"--typography-max-width: 100%;\">\n    160 kb\n<\/div>\n    <\/div>\n<\/a>\n                            \n\n\n\n\n\n        \n\n\n\n\n\n\n\n<a href=\"https:\/\/www.cqcd.org\/wp-content\/uploads\/2024\/07\/1133-CQCD_Outils-AccRH_Competences2023.pdf\" target=\"_blank\" class=\"c-file\" data-anchor  aria-labelledby=\"file-790408111\" download>\n    <div class=\"c-file__icon\">\n        \n\n\n\n\n\n\n\n    <svg class=\"icons icons--download-solid\"  aria-hidden=\"true\">\n                <use href=\"\/wp-content\/themes\/globalia-theme\/dist\/icons\/icon-system.svg#download-solid\"><\/use>\n    <\/svg>\n    <\/div>\n    <div class=\"c-file__content\">\n        <div class=\"c-file__title\" id=\"file-790408111\">Gestion et d\u00e9veloppement de comp\u00e9tences<\/div>\n        \n\n\n\n\n\n\n\n\n\n\n\n\n<div class=\"c-typography  u-hidden sm:u-inline-block\" style=\"--typography-max-width: 100%;\">\n    142 kb\n<\/div>\n    <\/div>\n<\/a>\n                            \n\n\n\n\n\n        \n\n\n\n\n\n\n\n<a href=\"https:\/\/www.cqcd.org\/wp-content\/uploads\/2024\/07\/1133-CQCD_Outils-AccRH_GestionConflit2023.pdf\" target=\"_blank\" class=\"c-file\" data-anchor  aria-labelledby=\"file-232519406\" download>\n    <div class=\"c-file__icon\">\n        \n\n\n\n\n\n\n\n    <svg class=\"icons icons--download-solid\"  aria-hidden=\"true\">\n                <use href=\"\/wp-content\/themes\/globalia-theme\/dist\/icons\/icon-system.svg#download-solid\"><\/use>\n    <\/svg>\n    <\/div>\n    <div class=\"c-file__content\">\n        <div class=\"c-file__title\" id=\"file-232519406\">La gestion de conflits<\/div>\n        \n\n\n\n\n\n\n\n\n\n\n\n\n<div class=\"c-typography  u-hidden sm:u-inline-block\" style=\"--typography-max-width: 100%;\">\n    110 kb\n<\/div>\n    <\/div>\n<\/a>\n                            \n\n\n\n\n\n        \n\n\n\n\n\n\n\n<a href=\"https:\/\/www.cqcd.org\/wp-content\/uploads\/2024\/07\/1133-CQCD_Outils-AccRH_MesuresDisciplinaires2023.pdf\" target=\"_blank\" class=\"c-file\" data-anchor  aria-labelledby=\"file-690594161\" download>\n    <div class=\"c-file__icon\">\n        \n\n\n\n\n\n\n\n    <svg class=\"icons icons--download-solid\"  aria-hidden=\"true\">\n                <use href=\"\/wp-content\/themes\/globalia-theme\/dist\/icons\/icon-system.svg#download-solid\"><\/use>\n    <\/svg>\n    <\/div>\n    <div class=\"c-file__content\">\n        <div class=\"c-file__title\" id=\"file-690594161\">Mesures disciplinaires<\/div>\n        \n\n\n\n\n\n\n\n\n\n\n\n\n<div class=\"c-typography  u-hidden sm:u-inline-block\" style=\"--typography-max-width: 100%;\">\n    126 kb\n<\/div>\n    <\/div>\n<\/a>\n                    <\/div>\n            <\/div>\n<\/section>\n\n\n\n\n\n    \n\n\n\n\n\n\n\n\n\n\n\n\n\n<section data-module='m03a' class=\"md:u-pt-fl m-content m-content--image-double   u-bg-[var(--module-background-color)] \" style=\"--module-background-color:var(--color-root-white); --pt-min-value:0; --pt-max-value:0;\">\n        <div class=\"l-container \" style=\"\" >\n        <div class=\"m-content__content u-pt-fl u-pb-fl u-px-fl u-text-[var(--module-text-color)]   \" style=\"--pt-min-value:7; --pt-max-value:10; --pb-min-value:7; --pb-max-value:10; --px-min-value:0; --px-max-value:0; \n                            \n         \n\n    \n    --module-text-color:var(--root-color); --module-subtitle-color:var(--root-color); --module-image-bg-pattern-color:var(--color-quaternary-500); --module-typography-ul-marker-color:var(--color-primary-500); --module-typography-link-color:var(--color-primary-500); --module-typography-link-hover-color:var(--color-primary-500); --module-legend-text-color:var(--color-primary-500);\n \">\n            \n                                            \n                \n\n\n\n\n\n\n\n\n\n\n\n\n<main class=\"l-grid   l-grid--2@md   u-items-center  u-justify-start u-gap-y-fl u-text-left\" style=\"--gap-y-min-value:5; --gap-y-max-value:7; --grid-gutter:    \n                \n                \n    clamp(1.5000rem, 1.2727rem + 0.60606060606061vw, 2.0000rem)\n;\">\n                    <div class=\"l-grid__block\">\n            <picture     \n                        \n                                        \n                                            \n                                                                            \n                        \n     class=\"c-image   c-image-has-bg-pattern c-image-has-bg-pattern--right\" style=\"--border-radius: 8; --radius: 0; --image-bg-pattern-offset-amount:9; --image-bg-pattern-mobile-offset-amount:4.5; --image-bg-pattern-color:var(--color-quaternary-500);\"\n>\n    \n    \n    \n            <source\n            media=\"(min-width: 900px)\"\n            srcset=\"https:\/\/www.cqcd.org\/wp-content\/uploads\/2024\/07\/guide-ressources-humaines-CQCD-1.png.webp\"\n            type=\"\"\n        >\n            <source\n            media=\"(min-width: 800px)\"\n            srcset=\"https:\/\/www.cqcd.org\/wp-content\/uploads\/2024\/07\/guide-ressources-humaines-CQCD-1.png-800x600.webp\"\n            type=\"\"\n        >\n            <source\n            media=\"(min-width: 400px)\"\n            srcset=\"https:\/\/www.cqcd.org\/wp-content\/uploads\/2024\/07\/guide-ressources-humaines-CQCD-1.png-400x300.webp\"\n            type=\"\"\n        >\n        <img loading=\"lazy\" decoding=\"async\"     \n                        \n                                        \n                                            \n                                        \n                                            \n                                        \n                                            \n                                        \n                                            \n                                        \n                                                                    \n                                        \n                                            \n                                                                            \n                        \n     class=\"u-w-full u-h-auto\" src=\"https:\/\/www.cqcd.org\/wp-content\/uploads\/2024\/07\/guide-ressources-humaines-CQCD-1.png.webp\" alt width=\"1200\" height=\"900\" fetchpriority=\"auto\" style=\"\"\n\/>\n\n    <\/picture>\n        <\/div>\n                    <div class=\"l-grid__block\">\n            <div class=\"c-subtitle u-text-[var(--module-subtitle-color)] u-mb-4 u-text-140 u-font-semibold u-font-secondary\" >\n        What does the human resources management guide contain?\n    <\/div>\n\n    <h2 target class=\"c-title    c-title--300\" style=\"--title-emphasis-color: var(--color-root-white);\">\n        Human resources best practices guide for businesses\n            <\/h2>\n\n                                        \n\n\n\n\n\n\n\n\n\n\n\n\n<div class=\"c-typography  u-mt-6 c-typography--paragraph-size\" style=\"--typography-paragraph-font-size: var(--font-size-180); --typography-max-width: 100%;\">\n    <p class=\"MsoNormal\">Retailers will find in this 29-page guide, all the elements that will allow them to manage their human resources optimally. (the guide is in french only)<\/p>\n<ul>\n<li class=\"MsoNormal\">A recruitment guide with concrete tools and advice to make the process a success from start to finish (definition of needs, optimal drafting of the job offer, preparation and conduct of an effective interview, candidate experience)<\/li>\n<li class=\"MsoNormal\">A guide for welcoming and integrating new employees<\/li>\n<li class=\"MsoNormal\">A policy guide and employee handbook<\/li>\n<li class=\"MsoNormal\">An occupational health and safety guide (obligations and rights of employers and employees, prevention program, harassment in the workplace)<\/li>\n<li class=\"MsoNormal\">A guide to managing and supervising employees<\/li>\n<\/ul>\n<p class=\"MsoNormal\"><strong>This guide is exclusively dedicated to retailers who are members of the RCQ and retailers participating in its HR support program. It has been developed by human resources experts to help retailers optimize the management of their human resources.<\/strong><\/p>\n\n<\/div>\n                                        \n\n\n\n\n\n\n\n\n\n\n\n            \n<div class=\"c-actions u-mt-fl\" style=\"--mt-min-value: 4; --mt-max-value: 7; --actions-gap: calc(var(--root-baseline) * 3); --actions-mobile-gap: calc(var(--root-baseline) * 3); --actions-nb: 1;\">\n        <div class=\"c-actions__wrapper  u-flex-row u-items-center u-justify-start\">\n                    \n                \n                                \n                \n                \n\n\n\n\n    \n\n\n\n\n<a href=\"https:\/\/www.cqcd.org\/en\/become-a-member\/\" target=\"_self\" class=\"c-btn       c-btn--fade\">\n                    <span>Become a member<\/span>\n                <\/a>\n                        <\/div>\n<\/div>\n        <\/div>\n    <\/main>\n                                <\/div>\n    <\/div>\n<\/section>\n","protected":false},"excerpt":{"rendered":"","protected":false},"author":1,"featured_media":0,"parent":0,"menu_order":0,"comment_status":"closed","ping_status":"closed","template":"","meta":{"_acf_changed":false,"footnotes":""},"class_list":["post-1697","page","type-page","status-publish","hentry"],"acf":[],"yoast_head":"<!-- This site is optimized with the Yoast SEO plugin v27.2 - https:\/\/yoast.com\/product\/yoast-seo-wordpress\/ -->\n<title>HR strategies and tools for retail businesses - Conseil qu\u00e9b\u00e9cois du commerce de d\u00e9tail<\/title>\n<meta name=\"robots\" content=\"index, follow, max-snippet:-1, max-image-preview:large, max-video-preview:-1\" \/>\n<link rel=\"canonical\" href=\"https:\/\/www.cqcd.org\/en\/hr-strategies-and-tools-for-retail-businesses\/\" \/>\n<meta property=\"og:locale\" content=\"en_US\" \/>\n<meta property=\"og:type\" content=\"article\" \/>\n<meta property=\"og:title\" content=\"HR strategies and tools for retail businesses - Conseil qu\u00e9b\u00e9cois du commerce de d\u00e9tail\" \/>\n<meta property=\"og:url\" content=\"https:\/\/www.cqcd.org\/en\/hr-strategies-and-tools-for-retail-businesses\/\" \/>\n<meta property=\"og:site_name\" content=\"Conseil qu\u00e9b\u00e9cois du commerce de d\u00e9tail\" \/>\n<meta property=\"article:modified_time\" content=\"2024-07-04T19:59:42+00:00\" \/>\n<meta name=\"twitter:card\" content=\"summary_large_image\" \/>\n<script type=\"application\/ld+json\" class=\"yoast-schema-graph\">{\"@context\":\"https:\/\/schema.org\",\"@graph\":[{\"@type\":\"WebPage\",\"@id\":\"https:\/\/www.cqcd.org\/en\/hr-strategies-and-tools-for-retail-businesses\/\",\"url\":\"https:\/\/www.cqcd.org\/en\/hr-strategies-and-tools-for-retail-businesses\/\",\"name\":\"HR strategies and tools for retail businesses - Conseil qu\u00e9b\u00e9cois du commerce de d\u00e9tail\",\"isPartOf\":{\"@id\":\"https:\/\/www.cqcd.org\/en\/#website\"},\"datePublished\":\"2024-07-03T17:50:05+00:00\",\"dateModified\":\"2024-07-04T19:59:42+00:00\",\"breadcrumb\":{\"@id\":\"https:\/\/www.cqcd.org\/en\/hr-strategies-and-tools-for-retail-businesses\/#breadcrumb\"},\"inLanguage\":\"en-US\",\"potentialAction\":[{\"@type\":\"ReadAction\",\"target\":[\"https:\/\/www.cqcd.org\/en\/hr-strategies-and-tools-for-retail-businesses\/\"]}]},{\"@type\":\"BreadcrumbList\",\"@id\":\"https:\/\/www.cqcd.org\/en\/hr-strategies-and-tools-for-retail-businesses\/#breadcrumb\",\"itemListElement\":[{\"@type\":\"ListItem\",\"position\":1,\"name\":\"Accueil\",\"item\":\"https:\/\/www.cqcd.org\/en\/\"},{\"@type\":\"ListItem\",\"position\":2,\"name\":\"HR strategies and tools for retail businesses\"}]},{\"@type\":\"WebSite\",\"@id\":\"https:\/\/www.cqcd.org\/en\/#website\",\"url\":\"https:\/\/www.cqcd.org\/en\/\",\"name\":\"Conseil qu\u00e9b\u00e9cois du commerce de d\u00e9tail\",\"description\":\"\",\"potentialAction\":[{\"@type\":\"SearchAction\",\"target\":{\"@type\":\"EntryPoint\",\"urlTemplate\":\"https:\/\/www.cqcd.org\/en\/?s={search_term_string}\"},\"query-input\":{\"@type\":\"PropertyValueSpecification\",\"valueRequired\":true,\"valueName\":\"search_term_string\"}}],\"inLanguage\":\"en-US\"}]}<\/script>\n<!-- \/ Yoast SEO plugin. -->","yoast_head_json":{"title":"HR strategies and tools for retail businesses - Conseil qu\u00e9b\u00e9cois du commerce de d\u00e9tail","robots":{"index":"index","follow":"follow","max-snippet":"max-snippet:-1","max-image-preview":"max-image-preview:large","max-video-preview":"max-video-preview:-1"},"canonical":"https:\/\/www.cqcd.org\/en\/hr-strategies-and-tools-for-retail-businesses\/","og_locale":"en_US","og_type":"article","og_title":"HR strategies and tools for retail businesses - Conseil qu\u00e9b\u00e9cois du commerce de d\u00e9tail","og_url":"https:\/\/www.cqcd.org\/en\/hr-strategies-and-tools-for-retail-businesses\/","og_site_name":"Conseil qu\u00e9b\u00e9cois du commerce de d\u00e9tail","article_modified_time":"2024-07-04T19:59:42+00:00","twitter_card":"summary_large_image","schema":{"@context":"https:\/\/schema.org","@graph":[{"@type":"WebPage","@id":"https:\/\/www.cqcd.org\/en\/hr-strategies-and-tools-for-retail-businesses\/","url":"https:\/\/www.cqcd.org\/en\/hr-strategies-and-tools-for-retail-businesses\/","name":"HR strategies and tools for retail businesses - Conseil qu\u00e9b\u00e9cois du commerce de d\u00e9tail","isPartOf":{"@id":"https:\/\/www.cqcd.org\/en\/#website"},"datePublished":"2024-07-03T17:50:05+00:00","dateModified":"2024-07-04T19:59:42+00:00","breadcrumb":{"@id":"https:\/\/www.cqcd.org\/en\/hr-strategies-and-tools-for-retail-businesses\/#breadcrumb"},"inLanguage":"en-US","potentialAction":[{"@type":"ReadAction","target":["https:\/\/www.cqcd.org\/en\/hr-strategies-and-tools-for-retail-businesses\/"]}]},{"@type":"BreadcrumbList","@id":"https:\/\/www.cqcd.org\/en\/hr-strategies-and-tools-for-retail-businesses\/#breadcrumb","itemListElement":[{"@type":"ListItem","position":1,"name":"Accueil","item":"https:\/\/www.cqcd.org\/en\/"},{"@type":"ListItem","position":2,"name":"HR strategies and tools for retail businesses"}]},{"@type":"WebSite","@id":"https:\/\/www.cqcd.org\/en\/#website","url":"https:\/\/www.cqcd.org\/en\/","name":"Conseil qu\u00e9b\u00e9cois du commerce de d\u00e9tail","description":"","potentialAction":[{"@type":"SearchAction","target":{"@type":"EntryPoint","urlTemplate":"https:\/\/www.cqcd.org\/en\/?s={search_term_string}"},"query-input":{"@type":"PropertyValueSpecification","valueRequired":true,"valueName":"search_term_string"}}],"inLanguage":"en-US"}]}},"_links":{"self":[{"href":"https:\/\/www.cqcd.org\/en\/wp-json\/wp\/v2\/pages\/1697","targetHints":{"allow":["GET"]}}],"collection":[{"href":"https:\/\/www.cqcd.org\/en\/wp-json\/wp\/v2\/pages"}],"about":[{"href":"https:\/\/www.cqcd.org\/en\/wp-json\/wp\/v2\/types\/page"}],"author":[{"embeddable":true,"href":"https:\/\/www.cqcd.org\/en\/wp-json\/wp\/v2\/users\/1"}],"replies":[{"embeddable":true,"href":"https:\/\/www.cqcd.org\/en\/wp-json\/wp\/v2\/comments?post=1697"}],"version-history":[{"count":2,"href":"https:\/\/www.cqcd.org\/en\/wp-json\/wp\/v2\/pages\/1697\/revisions"}],"predecessor-version":[{"id":1701,"href":"https:\/\/www.cqcd.org\/en\/wp-json\/wp\/v2\/pages\/1697\/revisions\/1701"}],"wp:attachment":[{"href":"https:\/\/www.cqcd.org\/en\/wp-json\/wp\/v2\/media?parent=1697"}],"curies":[{"name":"wp","href":"https:\/\/api.w.org\/{rel}","templated":true}]}}