{"id":2082,"date":"2024-07-03T14:05:53","date_gmt":"2024-07-03T18:05:53","guid":{"rendered":"https:\/\/www.cqcd.org\/ressources-humaines\/"},"modified":"2024-07-08T13:18:46","modified_gmt":"2024-07-08T17:18:46","slug":"human-ressources","status":"publish","type":"page","link":"https:\/\/www.cqcd.org\/en\/human-ressources\/","title":{"rendered":"Human resources"},"content":{"rendered":"    \n\n\n\n\n\n\n\n\n\n\n\n\n\n<section data-module='m03a' class=\"md:u-pt-fl m-content m-content--image-double   u-bg-[var(--module-background-color)] \" style=\"--module-background-color:var(--color-root-white); --pt-min-value:0; --pt-max-value:0;\">\n        <div class=\"l-container \" style=\"\" >\n        <div class=\"m-content__content u-pt-fl u-pb-fl u-px-fl u-text-[var(--module-text-color)]   \" style=\"--pt-min-value:7; --pt-max-value:10; --pb-min-value:7; --pb-max-value:10; --px-min-value:0; --px-max-value:0; \n                            \n         \n\n    \n    --module-text-color:var(--root-color); --module-subtitle-color:var(--root-color); --module-image-bg-pattern-color:var(--color-quaternary-500); --module-typography-ul-marker-color:var(--color-primary-500); --module-typography-link-color:var(--color-primary-500); --module-typography-link-hover-color:var(--color-primary-500); --module-legend-text-color:var(--color-primary-500);\n \">\n            \n                                            \n                \n\n\n\n\n\n\n\n\n\n\n\n\n<main class=\"l-grid   l-grid--2@md   u-items-start  u-justify-start u-gap-y-fl u-text-left\" style=\"--gap-y-min-value:3; --gap-y-max-value:3; --grid-gutter:    \n                \n                \n    clamp(1.5000rem, 0.3636rem + 3.030303030303vw, 4.0000rem)\n;\">\n                    <div class=\"l-grid__block\">\n            <h2 target class=\"c-title    c-title--300\" style=\"--title-emphasis-color: var(--color-root-white);\">\n        Pay equity\n            <\/h2>\n        <\/div>\n                    <div class=\"l-grid__block\">\n            <div class=\"c-typography  c-typography--paragraph-size\" style=\"--typography-paragraph-font-size: var(--font-size-180); --typography-max-width: 100%;\">\n    <p class=\"MsoNormal\">Adopted in November 1996, the Pay Equity Act aims to correct the portion of the wage gap attributable to the systemic undervaluation of jobs predominantly held by women. It applies to any company with at least ten (10) employees, from the private, public or parapublic sector. The Standards, Equity, Occupational Health and Safety Commission (CNESST) is responsible for the application of this law.<\/p>\n\n<\/div>\n                                        \n\n\n\n\n\n\n\n\n\n\n\n            \n<div class=\"c-actions u-mt-fl\" style=\"--mt-min-value: 3; --mt-max-value: 7; --actions-gap: calc(var(--root-baseline) * 3); --actions-mobile-gap: calc(var(--root-baseline) * 3); --actions-nb: 1;\">\n        <div class=\"c-actions__wrapper  u-flex-row u-items-center u-justify-start\">\n                    \n                \n                                \n                \n                \n\n\n\n\n    \n\n\n\n\n<a href=\"https:\/\/www.cqcd.org\/en\/ressources-humaines\/pay-equity\/\" target=\"_self\" class=\"c-btn       c-btn--fade\">\n                    <span>Learn more about your pay equity obligations<\/span>\n                <\/a>\n                        <\/div>\n<\/div>\n        <\/div>\n    <\/main>\n                                <\/div>\n    <\/div>\n<\/section>\n","protected":false},"excerpt":{"rendered":"","protected":false},"author":1,"featured_media":0,"parent":0,"menu_order":0,"comment_status":"closed","ping_status":"closed","template":"","meta":{"_acf_changed":false,"footnotes":""},"class_list":["post-2082","page","type-page","status-publish","hentry"],"acf":[],"yoast_head":"<!-- This site is optimized with the Yoast SEO plugin v27.2 - https:\/\/yoast.com\/product\/yoast-seo-wordpress\/ -->\n<title>Human resources - Retail Council of Quebec<\/title>\n<meta name=\"robots\" content=\"index, follow, max-snippet:-1, max-image-preview:large, max-video-preview:-1\" \/>\n<link rel=\"canonical\" href=\"https:\/\/www.cqcd.org\/en\/human-ressources\/\" \/>\n<meta property=\"og:locale\" content=\"en_US\" \/>\n<meta property=\"og:type\" content=\"article\" \/>\n<meta property=\"og:title\" content=\"Human resources - Retail Council of Quebec\" \/>\n<meta property=\"og:url\" content=\"https:\/\/www.cqcd.org\/en\/human-ressources\/\" \/>\n<meta property=\"og:site_name\" content=\"Conseil qu\u00e9b\u00e9cois du commerce de d\u00e9tail\" \/>\n<meta property=\"article:modified_time\" content=\"2024-07-08T17:18:46+00:00\" \/>\n<meta name=\"twitter:card\" content=\"summary_large_image\" \/>\n<script type=\"application\/ld+json\" class=\"yoast-schema-graph\">{\"@context\":\"https:\/\/schema.org\",\"@graph\":[{\"@type\":\"WebPage\",\"@id\":\"https:\/\/www.cqcd.org\/en\/human-ressources\/\",\"url\":\"https:\/\/www.cqcd.org\/en\/human-ressources\/\",\"name\":\"Human resources - Retail Council of Quebec\",\"isPartOf\":{\"@id\":\"https:\/\/www.cqcd.org\/en\/#website\"},\"datePublished\":\"2024-07-03T18:05:53+00:00\",\"dateModified\":\"2024-07-08T17:18:46+00:00\",\"breadcrumb\":{\"@id\":\"https:\/\/www.cqcd.org\/en\/human-ressources\/#breadcrumb\"},\"inLanguage\":\"en-US\",\"potentialAction\":[{\"@type\":\"ReadAction\",\"target\":[\"https:\/\/www.cqcd.org\/en\/human-ressources\/\"]}]},{\"@type\":\"BreadcrumbList\",\"@id\":\"https:\/\/www.cqcd.org\/en\/human-ressources\/#breadcrumb\",\"itemListElement\":[{\"@type\":\"ListItem\",\"position\":1,\"name\":\"Accueil\",\"item\":\"https:\/\/www.cqcd.org\/en\/\"},{\"@type\":\"ListItem\",\"position\":2,\"name\":\"Human resources\"}]},{\"@type\":\"WebSite\",\"@id\":\"https:\/\/www.cqcd.org\/en\/#website\",\"url\":\"https:\/\/www.cqcd.org\/en\/\",\"name\":\"Conseil qu\u00e9b\u00e9cois du commerce de d\u00e9tail\",\"description\":\"\",\"potentialAction\":[{\"@type\":\"SearchAction\",\"target\":{\"@type\":\"EntryPoint\",\"urlTemplate\":\"https:\/\/www.cqcd.org\/en\/?s={search_term_string}\"},\"query-input\":{\"@type\":\"PropertyValueSpecification\",\"valueRequired\":true,\"valueName\":\"search_term_string\"}}],\"inLanguage\":\"en-US\"}]}<\/script>\n<!-- \/ Yoast SEO plugin. -->","yoast_head_json":{"title":"Human resources - Retail Council of Quebec","robots":{"index":"index","follow":"follow","max-snippet":"max-snippet:-1","max-image-preview":"max-image-preview:large","max-video-preview":"max-video-preview:-1"},"canonical":"https:\/\/www.cqcd.org\/en\/human-ressources\/","og_locale":"en_US","og_type":"article","og_title":"Human resources - Retail Council of Quebec","og_url":"https:\/\/www.cqcd.org\/en\/human-ressources\/","og_site_name":"Conseil qu\u00e9b\u00e9cois du commerce de d\u00e9tail","article_modified_time":"2024-07-08T17:18:46+00:00","twitter_card":"summary_large_image","schema":{"@context":"https:\/\/schema.org","@graph":[{"@type":"WebPage","@id":"https:\/\/www.cqcd.org\/en\/human-ressources\/","url":"https:\/\/www.cqcd.org\/en\/human-ressources\/","name":"Human resources - Retail Council of Quebec","isPartOf":{"@id":"https:\/\/www.cqcd.org\/en\/#website"},"datePublished":"2024-07-03T18:05:53+00:00","dateModified":"2024-07-08T17:18:46+00:00","breadcrumb":{"@id":"https:\/\/www.cqcd.org\/en\/human-ressources\/#breadcrumb"},"inLanguage":"en-US","potentialAction":[{"@type":"ReadAction","target":["https:\/\/www.cqcd.org\/en\/human-ressources\/"]}]},{"@type":"BreadcrumbList","@id":"https:\/\/www.cqcd.org\/en\/human-ressources\/#breadcrumb","itemListElement":[{"@type":"ListItem","position":1,"name":"Accueil","item":"https:\/\/www.cqcd.org\/en\/"},{"@type":"ListItem","position":2,"name":"Human resources"}]},{"@type":"WebSite","@id":"https:\/\/www.cqcd.org\/en\/#website","url":"https:\/\/www.cqcd.org\/en\/","name":"Conseil qu\u00e9b\u00e9cois du commerce de d\u00e9tail","description":"","potentialAction":[{"@type":"SearchAction","target":{"@type":"EntryPoint","urlTemplate":"https:\/\/www.cqcd.org\/en\/?s={search_term_string}"},"query-input":{"@type":"PropertyValueSpecification","valueRequired":true,"valueName":"search_term_string"}}],"inLanguage":"en-US"}]}},"_links":{"self":[{"href":"https:\/\/www.cqcd.org\/en\/wp-json\/wp\/v2\/pages\/2082","targetHints":{"allow":["GET"]}}],"collection":[{"href":"https:\/\/www.cqcd.org\/en\/wp-json\/wp\/v2\/pages"}],"about":[{"href":"https:\/\/www.cqcd.org\/en\/wp-json\/wp\/v2\/types\/page"}],"author":[{"embeddable":true,"href":"https:\/\/www.cqcd.org\/en\/wp-json\/wp\/v2\/users\/1"}],"replies":[{"embeddable":true,"href":"https:\/\/www.cqcd.org\/en\/wp-json\/wp\/v2\/comments?post=2082"}],"version-history":[{"count":1,"href":"https:\/\/www.cqcd.org\/en\/wp-json\/wp\/v2\/pages\/2082\/revisions"}],"predecessor-version":[{"id":2084,"href":"https:\/\/www.cqcd.org\/en\/wp-json\/wp\/v2\/pages\/2082\/revisions\/2084"}],"wp:attachment":[{"href":"https:\/\/www.cqcd.org\/en\/wp-json\/wp\/v2\/media?parent=2082"}],"curies":[{"name":"wp","href":"https:\/\/api.w.org\/{rel}","templated":true}]}}