{"id":2481,"date":"2024-07-10T13:06:26","date_gmt":"2024-07-10T17:06:26","guid":{"rendered":"https:\/\/www.cqcd.org\/subventions-et-programmes\/"},"modified":"2024-07-10T13:11:52","modified_gmt":"2024-07-10T17:11:52","slug":"programs-and-subventions","status":"publish","type":"page","link":"https:\/\/www.cqcd.org\/en\/programs-and-subventions\/","title":{"rendered":"Programs and subventions"},"content":{"rendered":"    \n\n\n\n\n\n\n\n\n\n\n\n\n\n<section data-module='m03a' class=\"md:u-pt-fl m-content m-content--image-double   u-bg-[var(--module-background-color)] \" style=\"--module-background-color:var(--color-root-white); --pt-min-value:0; --pt-max-value:0;\">\n        <div class=\"l-container \" style=\"\" >\n        <div class=\"m-content__content u-pt-fl u-pb-fl u-px-fl u-text-[var(--module-text-color)]   \" style=\"--pt-min-value:7; --pt-max-value:10; --pb-min-value:7; --pb-max-value:10; --px-min-value:0; --px-max-value:0; \n                            \n         \n\n    \n    --module-text-color:var(--root-color); --module-subtitle-color:var(--root-color); --module-image-bg-pattern-color:var(--color-quaternary-500); --module-typography-ul-marker-color:var(--color-primary-500); --module-typography-link-color:var(--color-primary-500); --module-typography-link-hover-color:var(--color-primary-500); --module-legend-text-color:var(--color-primary-500);\n \">\n            \n                                            \n                \n\n\n\n\n\n\n\n\n\n\n\n\n<main class=\"l-grid   l-grid--2@md   u-items-center  u-justify-start u-gap-y-fl u-text-left\" style=\"--gap-y-min-value:5; --gap-y-max-value:7; --grid-gutter:    \n                \n                \n    clamp(1.5000rem, 1.2727rem + 0.60606060606061vw, 2.0000rem)\n;\">\n                    <div class=\"l-grid__block\">\n            <picture     \n                        \n                                        \n                                            \n                                                                            \n                        \n     class=\"c-image   c-image-has-bg-pattern c-image-has-bg-pattern--right\" style=\"--border-radius: 8; --radius: 0; --image-bg-pattern-offset-amount:9; --image-bg-pattern-mobile-offset-amount:4.5; --image-bg-pattern-color:var(--color-quaternary-500);\"\n>\n    \n    \n    \n            <source\n            media=\"(min-width: 900px)\"\n            srcset=\"https:\/\/www.cqcd.org\/wp-content\/uploads\/2024\/07\/productivite-innovation-IQ.jpg-1200x835.webp\"\n            type=\"\"\n        >\n            <source\n            media=\"(min-width: 800px)\"\n            srcset=\"https:\/\/www.cqcd.org\/wp-content\/uploads\/2024\/07\/productivite-innovation-IQ.jpg-800x600.webp\"\n            type=\"\"\n        >\n            <source\n            media=\"(min-width: 400px)\"\n            srcset=\"https:\/\/www.cqcd.org\/wp-content\/uploads\/2024\/07\/productivite-innovation-IQ.jpg-400x300.webp\"\n            type=\"\"\n        >\n        <img loading=\"lazy\" decoding=\"async\"     \n                        \n                                        \n                                            \n                                        \n                                            \n                                        \n                                            \n                                        \n                                            \n                                        \n                                                                    \n                                        \n                                            \n                                                                            \n                        \n     class=\"u-w-full u-h-auto\" src=\"https:\/\/www.cqcd.org\/wp-content\/uploads\/2024\/07\/productivite-innovation-IQ.jpg-1200x835.webp\" alt width=\"1200\" height=\"835\" fetchpriority=\"auto\" style=\"\"\n\/>\n\n    <\/picture>\n        <\/div>\n                    <div class=\"l-grid__block\">\n            <div class=\"c-subtitle u-text-[var(--module-subtitle-color)] u-mb-4 u-text-140 u-font-semibold u-font-secondary\" >\n        Productivit\u00e9 innovation \u2013 An initiative from Investissement Qu\u00e9bec\n    <\/div>\n\n\n                                        \n\n\n\n\n\n\n\n\n\n\n\n\n<div class=\"c-typography  u-mt-6 c-typography--paragraph-size\" style=\"--typography-paragraph-font-size: var(--font-size-180); --typography-max-width: 100%;\">\n    <p class=\"MsoNormal\">The Productivit\u00e9 innovation initiative by Investissement Qu\u00e9bec aims to boost competitiveness and accelerate the growth of local businesses through productivity and innovation. The goal is to encourage more companies to take action by leveraging all forms of innovation and technologies such as automation, digitization, robotics, and artificial intelligence applications.<\/p>\n\n<\/div>\n                                        \n\n\n\n\n\n\n\n\n\n\n\n            \n<div class=\"c-actions u-mt-fl\" style=\"--mt-min-value: 4; --mt-max-value: 7; --actions-gap: calc(var(--root-baseline) * 3); --actions-mobile-gap: calc(var(--root-baseline) * 3); --actions-nb: 1;\">\n        <div class=\"c-actions__wrapper  u-flex-row u-items-center u-justify-start\">\n                    \n                \n                                \n                \n                \n\n\n\n\n    \n\n\n\n\n<a href=\"https:\/\/www.productiviteinnovation.com\/\" target=\"_self\" class=\"c-btn       c-btn--fade\">\n                    <span>Learn more<\/span>\n                <\/a>\n                        <\/div>\n<\/div>\n        <\/div>\n    <\/main>\n                                <\/div>\n    <\/div>\n<\/section>\n\n\n    \n\n\n\n\n\n\n\n\n\n\n\n\n\n<section data-module='m03a' class=\"md:u-pt-fl m-content m-content--image-double   u-bg-[var(--module-background-color)] \" style=\"--module-background-color:var(--color-root-white); --pt-min-value:0; --pt-max-value:0;\">\n        <div class=\"l-container \" style=\"\" >\n        <div class=\"m-content__content u-pt-fl u-pb-fl u-px-fl u-text-[var(--module-text-color)]   \" style=\"--pt-min-value:7; --pt-max-value:10; --pb-min-value:7; --pb-max-value:10; --px-min-value:0; --px-max-value:0; \n                            \n         \n\n    \n    --module-text-color:var(--root-color); --module-subtitle-color:var(--root-color); --module-image-bg-pattern-color:var(--color-quaternary-500); --module-typography-ul-marker-color:var(--color-primary-500); --module-typography-link-color:var(--color-primary-500); --module-typography-link-hover-color:var(--color-primary-500); --module-legend-text-color:var(--color-primary-500);\n \">\n            \n                                            \n                \n\n\n\n\n\n\n\n\n\n\n\n\n<main class=\"l-grid   l-grid--2@md   u-items-center  u-justify-start u-gap-y-fl u-text-left\" style=\"--gap-y-min-value:5; --gap-y-max-value:7; --grid-gutter:    \n                \n                \n    clamp(1.5000rem, 1.2727rem + 0.60606060606061vw, 2.0000rem)\n;\">\n                    <div class=\"l-grid__block\">\n            <picture     \n                        \n                                        \n                                            \n                                                                            \n                        \n     class=\"c-image   c-image-has-bg-pattern c-image-has-bg-pattern--right\" style=\"--border-radius: 8; --radius: 0; --image-bg-pattern-offset-amount:9; --image-bg-pattern-mobile-offset-amount:4.5; --image-bg-pattern-color:var(--color-quaternary-500);\"\n>\n    \n    \n    \n            <source\n            media=\"(min-width: 900px)\"\n            srcset=\"https:\/\/www.cqcd.org\/wp-content\/uploads\/2024\/07\/fonds-ecoleader.jpg.webp\"\n            type=\"\"\n        >\n            <source\n            media=\"(min-width: 800px)\"\n            srcset=\"https:\/\/www.cqcd.org\/wp-content\/uploads\/2024\/07\/fonds-ecoleader.jpg-800x600.webp\"\n            type=\"\"\n        >\n            <source\n            media=\"(min-width: 400px)\"\n            srcset=\"https:\/\/www.cqcd.org\/wp-content\/uploads\/2024\/07\/fonds-ecoleader.jpg-400x300.webp\"\n            type=\"\"\n        >\n        <img loading=\"lazy\" decoding=\"async\"     \n                        \n                                        \n                                            \n                                        \n                                            \n                                        \n                                            \n                                        \n                                            \n                                        \n                                                                    \n                                        \n                                            \n                                                                            \n                        \n     class=\"u-w-full u-h-auto\" src=\"https:\/\/www.cqcd.org\/wp-content\/uploads\/2024\/07\/fonds-ecoleader.jpg.webp\" alt width=\"1200\" height=\"600\" fetchpriority=\"auto\" style=\"\"\n\/>\n\n    <\/picture>\n        <\/div>\n                    <div class=\"l-grid__block\">\n            <div class=\"c-subtitle u-text-[var(--module-subtitle-color)] u-mb-4 u-text-140 u-font-semibold u-font-secondary\" >\n        The \u00c9coleader Fund\n    <\/div>\n\n\n                                        \n\n\n\n\n\n\n\n\n\n\n\n\n<div class=\"c-typography  u-mt-6 c-typography--paragraph-size\" style=\"--typography-paragraph-font-size: var(--font-size-180); --typography-max-width: 100%;\">\n    <p class=\"MsoNormal\">The \u00c9coleader Fund offers financial assistance, in the form of grants, to businesses that wish to hire experts to help them implement eco-friendly business practices or prepare for the acquisition of clean technologies.<\/p>\n\n<\/div>\n                                        \n\n\n\n\n\n\n\n\n\n\n\n            \n<div class=\"c-actions u-mt-fl\" style=\"--mt-min-value: 4; --mt-max-value: 7; --actions-gap: calc(var(--root-baseline) * 3); --actions-mobile-gap: calc(var(--root-baseline) * 3); --actions-nb: 1;\">\n        <div class=\"c-actions__wrapper  u-flex-row u-items-center u-justify-start\">\n                    \n                \n                                \n                \n                \n\n\n\n\n    \n\n\n\n\n<a href=\"https:\/\/www.fondsecoleader.ca\/\" target=\"_self\" class=\"c-btn       c-btn--fade\">\n                    <span>En savoir plus<\/span>\n                <\/a>\n                        <\/div>\n<\/div>\n        <\/div>\n    <\/main>\n                                <\/div>\n    <\/div>\n<\/section>\n","protected":false},"excerpt":{"rendered":"","protected":false},"author":1,"featured_media":0,"parent":0,"menu_order":0,"comment_status":"closed","ping_status":"closed","template":"","meta":{"_acf_changed":false,"footnotes":""},"class_list":["post-2481","page","type-page","status-publish","hentry"],"acf":[],"yoast_head":"<!-- This site is optimized with the Yoast SEO plugin v27.2 - https:\/\/yoast.com\/product\/yoast-seo-wordpress\/ -->\n<title>Programs and subventions - Conseil qu\u00e9b\u00e9cois du commerce de d\u00e9tail<\/title>\n<meta name=\"description\" content=\"D\u00e9couvrez les subventions et programmes pour les commerces!\" \/>\n<meta name=\"robots\" content=\"index, follow, max-snippet:-1, max-image-preview:large, max-video-preview:-1\" \/>\n<link rel=\"canonical\" href=\"https:\/\/www.cqcd.org\/en\/programs-and-subventions\/\" \/>\n<meta property=\"og:locale\" content=\"en_US\" \/>\n<meta property=\"og:type\" content=\"article\" \/>\n<meta property=\"og:title\" content=\"Programs and subventions - Conseil qu\u00e9b\u00e9cois du commerce de d\u00e9tail\" \/>\n<meta property=\"og:description\" content=\"D\u00e9couvrez les subventions et programmes pour les commerces!\" \/>\n<meta property=\"og:url\" content=\"https:\/\/www.cqcd.org\/en\/programs-and-subventions\/\" \/>\n<meta property=\"og:site_name\" content=\"Conseil qu\u00e9b\u00e9cois du commerce de d\u00e9tail\" \/>\n<meta property=\"article:modified_time\" content=\"2024-07-10T17:11:52+00:00\" \/>\n<meta name=\"twitter:card\" content=\"summary_large_image\" \/>\n<script type=\"application\/ld+json\" class=\"yoast-schema-graph\">{\"@context\":\"https:\/\/schema.org\",\"@graph\":[{\"@type\":\"WebPage\",\"@id\":\"https:\/\/www.cqcd.org\/en\/programs-and-subventions\/\",\"url\":\"https:\/\/www.cqcd.org\/en\/programs-and-subventions\/\",\"name\":\"Programs and subventions - Conseil qu\u00e9b\u00e9cois du commerce de d\u00e9tail\",\"isPartOf\":{\"@id\":\"https:\/\/www.cqcd.org\/en\/#website\"},\"datePublished\":\"2024-07-10T17:06:26+00:00\",\"dateModified\":\"2024-07-10T17:11:52+00:00\",\"description\":\"D\u00e9couvrez les subventions et programmes pour les commerces!\",\"breadcrumb\":{\"@id\":\"https:\/\/www.cqcd.org\/en\/programs-and-subventions\/#breadcrumb\"},\"inLanguage\":\"en-US\",\"potentialAction\":[{\"@type\":\"ReadAction\",\"target\":[\"https:\/\/www.cqcd.org\/en\/programs-and-subventions\/\"]}]},{\"@type\":\"BreadcrumbList\",\"@id\":\"https:\/\/www.cqcd.org\/en\/programs-and-subventions\/#breadcrumb\",\"itemListElement\":[{\"@type\":\"ListItem\",\"position\":1,\"name\":\"Accueil\",\"item\":\"https:\/\/www.cqcd.org\/en\/\"},{\"@type\":\"ListItem\",\"position\":2,\"name\":\"Programs and subventions\"}]},{\"@type\":\"WebSite\",\"@id\":\"https:\/\/www.cqcd.org\/en\/#website\",\"url\":\"https:\/\/www.cqcd.org\/en\/\",\"name\":\"Conseil qu\u00e9b\u00e9cois du commerce de d\u00e9tail\",\"description\":\"\",\"potentialAction\":[{\"@type\":\"SearchAction\",\"target\":{\"@type\":\"EntryPoint\",\"urlTemplate\":\"https:\/\/www.cqcd.org\/en\/?s={search_term_string}\"},\"query-input\":{\"@type\":\"PropertyValueSpecification\",\"valueRequired\":true,\"valueName\":\"search_term_string\"}}],\"inLanguage\":\"en-US\"}]}<\/script>\n<!-- \/ Yoast SEO plugin. -->","yoast_head_json":{"title":"Programs and subventions - Conseil qu\u00e9b\u00e9cois du commerce de d\u00e9tail","description":"D\u00e9couvrez les subventions et programmes pour les commerces!","robots":{"index":"index","follow":"follow","max-snippet":"max-snippet:-1","max-image-preview":"max-image-preview:large","max-video-preview":"max-video-preview:-1"},"canonical":"https:\/\/www.cqcd.org\/en\/programs-and-subventions\/","og_locale":"en_US","og_type":"article","og_title":"Programs and subventions - Conseil qu\u00e9b\u00e9cois du commerce de d\u00e9tail","og_description":"D\u00e9couvrez les subventions et programmes pour les commerces!","og_url":"https:\/\/www.cqcd.org\/en\/programs-and-subventions\/","og_site_name":"Conseil qu\u00e9b\u00e9cois du commerce de d\u00e9tail","article_modified_time":"2024-07-10T17:11:52+00:00","twitter_card":"summary_large_image","schema":{"@context":"https:\/\/schema.org","@graph":[{"@type":"WebPage","@id":"https:\/\/www.cqcd.org\/en\/programs-and-subventions\/","url":"https:\/\/www.cqcd.org\/en\/programs-and-subventions\/","name":"Programs and subventions - Conseil qu\u00e9b\u00e9cois du commerce de d\u00e9tail","isPartOf":{"@id":"https:\/\/www.cqcd.org\/en\/#website"},"datePublished":"2024-07-10T17:06:26+00:00","dateModified":"2024-07-10T17:11:52+00:00","description":"D\u00e9couvrez les subventions et programmes pour les commerces!","breadcrumb":{"@id":"https:\/\/www.cqcd.org\/en\/programs-and-subventions\/#breadcrumb"},"inLanguage":"en-US","potentialAction":[{"@type":"ReadAction","target":["https:\/\/www.cqcd.org\/en\/programs-and-subventions\/"]}]},{"@type":"BreadcrumbList","@id":"https:\/\/www.cqcd.org\/en\/programs-and-subventions\/#breadcrumb","itemListElement":[{"@type":"ListItem","position":1,"name":"Accueil","item":"https:\/\/www.cqcd.org\/en\/"},{"@type":"ListItem","position":2,"name":"Programs and subventions"}]},{"@type":"WebSite","@id":"https:\/\/www.cqcd.org\/en\/#website","url":"https:\/\/www.cqcd.org\/en\/","name":"Conseil qu\u00e9b\u00e9cois du commerce de d\u00e9tail","description":"","potentialAction":[{"@type":"SearchAction","target":{"@type":"EntryPoint","urlTemplate":"https:\/\/www.cqcd.org\/en\/?s={search_term_string}"},"query-input":{"@type":"PropertyValueSpecification","valueRequired":true,"valueName":"search_term_string"}}],"inLanguage":"en-US"}]}},"_links":{"self":[{"href":"https:\/\/www.cqcd.org\/en\/wp-json\/wp\/v2\/pages\/2481","targetHints":{"allow":["GET"]}}],"collection":[{"href":"https:\/\/www.cqcd.org\/en\/wp-json\/wp\/v2\/pages"}],"about":[{"href":"https:\/\/www.cqcd.org\/en\/wp-json\/wp\/v2\/types\/page"}],"author":[{"embeddable":true,"href":"https:\/\/www.cqcd.org\/en\/wp-json\/wp\/v2\/users\/1"}],"replies":[{"embeddable":true,"href":"https:\/\/www.cqcd.org\/en\/wp-json\/wp\/v2\/comments?post=2481"}],"version-history":[{"count":1,"href":"https:\/\/www.cqcd.org\/en\/wp-json\/wp\/v2\/pages\/2481\/revisions"}],"predecessor-version":[{"id":2483,"href":"https:\/\/www.cqcd.org\/en\/wp-json\/wp\/v2\/pages\/2481\/revisions\/2483"}],"wp:attachment":[{"href":"https:\/\/www.cqcd.org\/en\/wp-json\/wp\/v2\/media?parent=2481"}],"curies":[{"name":"wp","href":"https:\/\/api.w.org\/{rel}","templated":true}]}}