{"id":3006,"date":"2024-05-09T13:59:42","date_gmt":"2024-05-09T17:59:42","guid":{"rendered":"https:\/\/www.cqcd.org\/evenements-a-la-une\/"},"modified":"2026-01-29T09:51:14","modified_gmt":"2026-01-29T14:51:14","slug":"featured-events","status":"publish","type":"page","link":"https:\/\/www.cqcd.org\/en\/featured-events\/","title":{"rendered":"Featured events"},"content":{"rendered":"    \n\n\n\n\n<section class=\"m-module-name u-pt-fl u-pb-fl u-bg-[var(--module-background-color)] u-text-[var(--module-text-color)]\"\n    data-module=\"mxx\"\n    style=\"\n        --pt-min-value: 4;\n        --pt-max-value: 7;\n        --pb-min-value: 4;\n        --pb-max-value: 7;\n\n        --module-background-color: transparent;\n        --module-text-color: var(--root-color);\n    \"\n>\n    <div class=\"l-container\">\n                \n        <div class=\"u-flex u-flex-col u-justify-center u-items-center\">\n            \n\n\n\n\n\n\n\n\n\n\n\n\n\n    \n\n            \n                                        \n            \n\n\n\n    <a     \n                        \n                                        \n                                                            \n     class=\"u-block\"\n>\n<picture     \n                        \n                                        \n                                            \n                                                                            \n                        \n     class=\"c-image\" style=\"--radius: 0;\"\n>\n    \n    \n    \n            <source\n            media=\"(min-width: 1280px)\"\n            srcset=\".\/dist\/img\/groots\/lg.jpg\"\n            type=\"image\/jpeg\"\n        >\n            <source\n            media=\"(min-width: 600px)\"\n            srcset=\".\/dist\/img\/groots\/md.jpg\"\n            type=\"image\/jpeg\"\n        >\n        <img     \n                        \n                                        \n                                            \n                                        \n                                            \n                                        \n                                                                    \n                                        \n                                            \n                                        \n                                            \n                                        \n                                            \n                                                                            \n                        \n     class src=\"                \n    .\/dist\/img\/groots\/lg.jpg\n\" alt loading=\"lazy\" decoding=\"async\" fetchpriority=\"auto\" style=\"\"\n\/>\n\n    <\/picture>\n    <\/a>\n        <\/div>\n\n            <\/div>\n<\/section>\n","protected":false},"excerpt":{"rendered":"","protected":false},"author":1,"featured_media":0,"parent":0,"menu_order":0,"comment_status":"closed","ping_status":"closed","template":"template-events-landing.php","meta":{"_acf_changed":false,"footnotes":""},"class_list":["post-3006","page","type-page","status-publish","hentry"],"acf":[],"yoast_head":"<!-- This site is optimized with the Yoast SEO plugin v27.2 - https:\/\/yoast.com\/product\/yoast-seo-wordpress\/ -->\n<title>Featured events - Retail Council of Quebec (RCQ)<\/title>\n<meta name=\"description\" content=\"Check our upcoming events for retail businesses and entrepreneurs!\" \/>\n<meta name=\"robots\" content=\"index, follow, max-snippet:-1, max-image-preview:large, max-video-preview:-1\" \/>\n<link rel=\"canonical\" href=\"https:\/\/www.cqcd.org\/en\/featured-events\/\" \/>\n<meta property=\"og:locale\" content=\"en_US\" \/>\n<meta property=\"og:type\" content=\"article\" \/>\n<meta property=\"og:title\" content=\"Featured events - Retail Council of Quebec (RCQ)\" \/>\n<meta property=\"og:description\" content=\"Check our upcoming events for retail businesses and entrepreneurs!\" \/>\n<meta property=\"og:url\" content=\"https:\/\/www.cqcd.org\/en\/featured-events\/\" \/>\n<meta property=\"og:site_name\" content=\"Conseil qu\u00e9b\u00e9cois du commerce de d\u00e9tail\" \/>\n<meta property=\"article:modified_time\" content=\"2026-01-29T14:51:14+00:00\" \/>\n<meta name=\"twitter:card\" content=\"summary_large_image\" \/>\n<script type=\"application\/ld+json\" class=\"yoast-schema-graph\">{\"@context\":\"https:\/\/schema.org\",\"@graph\":[{\"@type\":\"WebPage\",\"@id\":\"https:\/\/www.cqcd.org\/en\/featured-events\/\",\"url\":\"https:\/\/www.cqcd.org\/en\/featured-events\/\",\"name\":\"Featured events - Retail Council of Quebec (RCQ)\",\"isPartOf\":{\"@id\":\"https:\/\/www.cqcd.org\/en\/#website\"},\"datePublished\":\"2024-05-09T17:59:42+00:00\",\"dateModified\":\"2026-01-29T14:51:14+00:00\",\"description\":\"Check our upcoming events for retail businesses and entrepreneurs!\",\"breadcrumb\":{\"@id\":\"https:\/\/www.cqcd.org\/en\/featured-events\/#breadcrumb\"},\"inLanguage\":\"en-US\",\"potentialAction\":[{\"@type\":\"ReadAction\",\"target\":[\"https:\/\/www.cqcd.org\/en\/featured-events\/\"]}]},{\"@type\":\"BreadcrumbList\",\"@id\":\"https:\/\/www.cqcd.org\/en\/featured-events\/#breadcrumb\",\"itemListElement\":[{\"@type\":\"ListItem\",\"position\":1,\"name\":\"Accueil\",\"item\":\"https:\/\/www.cqcd.org\/en\/\"},{\"@type\":\"ListItem\",\"position\":2,\"name\":\"Featured events\"}]},{\"@type\":\"WebSite\",\"@id\":\"https:\/\/www.cqcd.org\/en\/#website\",\"url\":\"https:\/\/www.cqcd.org\/en\/\",\"name\":\"Conseil qu\u00e9b\u00e9cois du commerce de d\u00e9tail\",\"description\":\"\",\"potentialAction\":[{\"@type\":\"SearchAction\",\"target\":{\"@type\":\"EntryPoint\",\"urlTemplate\":\"https:\/\/www.cqcd.org\/en\/?s={search_term_string}\"},\"query-input\":{\"@type\":\"PropertyValueSpecification\",\"valueRequired\":true,\"valueName\":\"search_term_string\"}}],\"inLanguage\":\"en-US\"}]}<\/script>\n<!-- \/ Yoast SEO plugin. -->","yoast_head_json":{"title":"Featured events - Retail Council of Quebec (RCQ)","description":"Check our upcoming events for retail businesses and entrepreneurs!","robots":{"index":"index","follow":"follow","max-snippet":"max-snippet:-1","max-image-preview":"max-image-preview:large","max-video-preview":"max-video-preview:-1"},"canonical":"https:\/\/www.cqcd.org\/en\/featured-events\/","og_locale":"en_US","og_type":"article","og_title":"Featured events - Retail Council of Quebec (RCQ)","og_description":"Check our upcoming events for retail businesses and entrepreneurs!","og_url":"https:\/\/www.cqcd.org\/en\/featured-events\/","og_site_name":"Conseil qu\u00e9b\u00e9cois du commerce de d\u00e9tail","article_modified_time":"2026-01-29T14:51:14+00:00","twitter_card":"summary_large_image","schema":{"@context":"https:\/\/schema.org","@graph":[{"@type":"WebPage","@id":"https:\/\/www.cqcd.org\/en\/featured-events\/","url":"https:\/\/www.cqcd.org\/en\/featured-events\/","name":"Featured events - Retail Council of Quebec (RCQ)","isPartOf":{"@id":"https:\/\/www.cqcd.org\/en\/#website"},"datePublished":"2024-05-09T17:59:42+00:00","dateModified":"2026-01-29T14:51:14+00:00","description":"Check our upcoming events for retail businesses and entrepreneurs!","breadcrumb":{"@id":"https:\/\/www.cqcd.org\/en\/featured-events\/#breadcrumb"},"inLanguage":"en-US","potentialAction":[{"@type":"ReadAction","target":["https:\/\/www.cqcd.org\/en\/featured-events\/"]}]},{"@type":"BreadcrumbList","@id":"https:\/\/www.cqcd.org\/en\/featured-events\/#breadcrumb","itemListElement":[{"@type":"ListItem","position":1,"name":"Accueil","item":"https:\/\/www.cqcd.org\/en\/"},{"@type":"ListItem","position":2,"name":"Featured events"}]},{"@type":"WebSite","@id":"https:\/\/www.cqcd.org\/en\/#website","url":"https:\/\/www.cqcd.org\/en\/","name":"Conseil qu\u00e9b\u00e9cois du commerce de d\u00e9tail","description":"","potentialAction":[{"@type":"SearchAction","target":{"@type":"EntryPoint","urlTemplate":"https:\/\/www.cqcd.org\/en\/?s={search_term_string}"},"query-input":{"@type":"PropertyValueSpecification","valueRequired":true,"valueName":"search_term_string"}}],"inLanguage":"en-US"}]}},"_links":{"self":[{"href":"https:\/\/www.cqcd.org\/en\/wp-json\/wp\/v2\/pages\/3006","targetHints":{"allow":["GET"]}}],"collection":[{"href":"https:\/\/www.cqcd.org\/en\/wp-json\/wp\/v2\/pages"}],"about":[{"href":"https:\/\/www.cqcd.org\/en\/wp-json\/wp\/v2\/types\/page"}],"author":[{"embeddable":true,"href":"https:\/\/www.cqcd.org\/en\/wp-json\/wp\/v2\/users\/1"}],"replies":[{"embeddable":true,"href":"https:\/\/www.cqcd.org\/en\/wp-json\/wp\/v2\/comments?post=3006"}],"version-history":[{"count":26,"href":"https:\/\/www.cqcd.org\/en\/wp-json\/wp\/v2\/pages\/3006\/revisions"}],"predecessor-version":[{"id":14074,"href":"https:\/\/www.cqcd.org\/en\/wp-json\/wp\/v2\/pages\/3006\/revisions\/14074"}],"wp:attachment":[{"href":"https:\/\/www.cqcd.org\/en\/wp-json\/wp\/v2\/media?parent=3006"}],"curies":[{"name":"wp","href":"https:\/\/api.w.org\/{rel}","templated":true}]}}