{"id":3074,"date":"2024-07-03T14:01:55","date_gmt":"2024-07-03T18:01:55","guid":{"rendered":"https:\/\/www.cqcd.org\/comites-consultatifs\/"},"modified":"2024-07-15T13:12:54","modified_gmt":"2024-07-15T17:12:54","slug":"permanent-advisory-committees","status":"publish","type":"page","link":"https:\/\/www.cqcd.org\/en\/permanent-advisory-committees\/","title":{"rendered":"Permanent advisory committees"},"content":{"rendered":"    \n\n\n\n\n\n\n\n\n\n\n\n\n\n<section data-module='m03a' class=\"md:u-pt-fl m-content m-content--image-double   u-bg-[var(--module-background-color)] \" style=\"--module-background-color:var(--color-primary-500); --pt-min-value:0; --pt-max-value:0;\">\n        <div class=\"l-container \" style=\"\" >\n        <div class=\"m-content__content u-pt-fl u-pb-fl u-px-fl u-text-[var(--module-text-color)]   \" style=\"--pt-min-value:7; --pt-max-value:10; --pb-min-value:7; --pb-max-value:10; --px-min-value:0; --px-max-value:0; \n                            \n                                                                        \n         \n\n    \n    --module-text-color:var(--color-root-white); --module-subtitle-color:var(--color-secondary-300); --module-image-bg-pattern-color:var(--color-quaternary-500); --module-typography-ul-marker-color:var(--color-secondary-300); --module-typography-link-color:var(--color-root-white); --module-typography-link-hover-color:var(--color-secondary-300); --module-legend-text-color:var(--color-root-white);\n \">\n            \n                                            \n                \n\n\n\n\n\n\n\n\n\n\n\n\n<main class=\"l-grid   l-grid--2@md   u-items-start  u-justify-start u-gap-y-fl u-text-left\" style=\"--gap-y-min-value:3; --gap-y-max-value:3; --grid-gutter:    \n                \n                \n    clamp(1.5000rem, 0.3636rem + 3.030303030303vw, 4.0000rem)\n;\">\n                    <div class=\"l-grid__block\">\n            <div class=\"c-subtitle u-text-[var(--module-subtitle-color)] u-mb-4 u-text-140 u-font-semibold u-font-secondary\" >\n        Permanent advisory committees, exchange spaces aligned with the needs and priorities of our retailers!\n    <\/div>\n\n    <h2 target class=\"c-title    c-title--300\" style=\"--title-emphasis-color: var(--color-root-white);\">\n        Essential platform for exchange and collaboration\n            <\/h2>\n        <\/div>\n                    <div class=\"l-grid__block\">\n            <div class=\"c-typography  c-typography--paragraph-size\" style=\"--typography-paragraph-font-size: var(--font-size-180); --typography-max-width: 100%;\">\n    <p class=\"MsoNormal\">The Retail Council of Quebec (RCQ) is committed to ensuring that its services, activities, and positions address the priorities and concerns of retailers.<\/p>\n<p class=\"MsoNormal\">The RCQ&#8217;s permanent advisory committees serve as an essential platform for the council to stay connected with its members. They provide spaces for discussion throughout the year, using virtual and in-person formats, thus promoting active participation and collaboration among members and the Council.<\/p>\n<p class=\"MsoNormal\">\n<p class=\"MsoNormal\">These frequent exchanges strengthen the representation of retail sector interests, ensuring informed decision-making that is aligned with the real needs of Quebec retailers.<\/p>\n<p>&nbsp;<\/p>\n\n<\/div>\n        <\/div>\n    <\/main>\n                                <\/div>\n    <\/div>\n<\/section>\n\n\n    \n\n\n\n\n\n\n\n\n\n\n\n\n\n<section data-module='m03a' class=\"md:u-pt-fl m-content m-content--image-double   u-bg-[var(--module-background-color)] \" style=\"--module-background-color:var(--color-root-white); --pt-min-value:0; --pt-max-value:0;\">\n        <div class=\"l-container \" style=\"\" >\n        <div class=\"m-content__content u-pt-fl u-pb-fl u-px-fl u-text-[var(--module-text-color)]   \" style=\"--pt-min-value:7; --pt-max-value:10; --pb-min-value:7; --pb-max-value:10; --px-min-value:0; --px-max-value:0; \n                            \n         \n\n    \n    --module-text-color:var(--root-color); --module-subtitle-color:var(--root-color); --module-image-bg-pattern-color:var(--color-quaternary-500); --module-typography-ul-marker-color:var(--color-primary-500); --module-typography-link-color:var(--color-primary-500); --module-typography-link-hover-color:var(--color-primary-500); --module-legend-text-color:var(--color-primary-500);\n \">\n            \n                                            \n                \n\n\n\n\n\n\n\n\n\n\n\n\n<main class=\"l-grid   l-grid--2@md   u-items-start  u-justify-start u-gap-y-fl u-text-left\" style=\"--gap-y-min-value:3; --gap-y-max-value:3; --grid-gutter:    \n                \n                \n    clamp(1.5000rem, 0.3636rem + 3.030303030303vw, 4.0000rem)\n;\">\n                    <div class=\"l-grid__block\">\n            <h2 target class=\"c-title    c-title--300\" style=\"--title-emphasis-color: var(--color-root-white);\">\n        Human resources committee (HR)\n            <\/h2>\n        <\/div>\n                    <div class=\"l-grid__block\">\n            <div class=\"c-typography  c-typography--paragraph-size\" style=\"--typography-paragraph-font-size: var(--font-size-180); --typography-max-width: 100%;\">\n    <p class=\"MsoNormal\"><span style=\"mso-ansi-language: FR-CA; mso-fareast-language: FR-CA;\">This human resources committee aims to:<\/span><\/p>\n<ul>\n<li class=\"MsoNormal\"><span style=\"mso-ansi-language: FR-CA; mso-fareast-language: FR-CA;\">Exchange best practices and establish common strategies.<\/span><\/li>\n<li class=\"MsoNormal\"><span style=\"mso-ansi-language: FR-CA; mso-fareast-language: FR-CA;\">Propose, encourage, and share initiatives among members.<\/span><\/li>\n<li class=\"MsoNormal\"><span style=\"mso-ansi-language: FR-CA; mso-fareast-language: FR-CA;\">Discuss legislation and government policies that may affect retailers.<\/span><\/li>\n<li class=\"MsoNormal\"><span style=\"mso-ansi-language: FR-CA; mso-fareast-language: FR-CA;\">Make recommendations to the RCQ for its interventions.<\/span><\/li>\n<li class=\"MsoNormal\"><span style=\"mso-ansi-language: FR-CA; mso-fareast-language: FR-CA;\">Position the retail sector as a leader in human resources practices.<\/span><\/li>\n<\/ul>\n\n<\/div>\n        <\/div>\n    <\/main>\n                                <\/div>\n    <\/div>\n<\/section>\n\n\n    \n\n\n\n\n\n\n\n\n\n\n\n\n\n<section data-module='m03a' class=\"md:u-pt-fl m-content m-content--image-double   u-bg-[var(--module-background-color)] \" style=\"--module-background-color:var(--color-tertiary-100); --pt-min-value:0; --pt-max-value:0;\">\n        <div class=\"l-container \" style=\"\" >\n        <div class=\"m-content__content u-pt-fl u-pb-fl u-px-fl u-text-[var(--module-text-color)]   \" style=\"--pt-min-value:7; --pt-max-value:10; --pb-min-value:7; --pb-max-value:10; --px-min-value:0; --px-max-value:0; \n                            \n                \n         \n\n    \n    --module-text-color:var(--root-color); --module-subtitle-color:var(--root-color); --module-image-bg-pattern-color:var(--color-tertiary-500); --module-typography-ul-marker-color:var(--color-primary-500); --module-typography-link-color:var(--color-primary-500); --module-typography-link-hover-color:var(--color-primary-500); --module-legend-text-color:var(--color-primary-500);\n \">\n            \n                                            \n                \n\n\n\n\n\n\n\n\n\n\n\n\n<main class=\"l-grid   l-grid--2@md   u-items-start  u-justify-start u-gap-y-fl u-text-left\" style=\"--gap-y-min-value:3; --gap-y-max-value:3; --grid-gutter:    \n                \n                \n    clamp(1.5000rem, 0.3636rem + 3.030303030303vw, 4.0000rem)\n;\">\n                    <div class=\"l-grid__block\">\n            <h2 target class=\"c-title    c-title--300\" style=\"--title-emphasis-color: var(--color-root-white);\">\n        Enviroment and sustainable development committee\n            <\/h2>\n        <\/div>\n                    <div class=\"l-grid__block\">\n            <div class=\"c-typography  c-typography--paragraph-size\" style=\"--typography-paragraph-font-size: var(--font-size-180); --typography-max-width: 100%;\">\n    <p class=\"MsoNormal\">This committee aims to support the sector&#8217;s ecological transition, particularly by:<\/p>\n<ul>\n<li class=\"MsoNormal\">Exchanging best practices in environment and sustainable development and establishing common strategies.<\/li>\n<li class=\"MsoNormal\">Reviewing and discussing legislation, regulations, and government policies that may impact retailers.<\/li>\n<li class=\"MsoNormal\">Making recommendations to the CQCD for its interventions.<\/li>\n<li class=\"MsoNormal\">Positioning the retail sector as a leader in responsible practices.<\/li>\n<\/ul>\n<p>&nbsp;<\/p>\n\n<\/div>\n        <\/div>\n    <\/main>\n                                <\/div>\n    <\/div>\n<\/section>\n\n\n    \n\n\n\n\n\n\n\n\n\n\n\n\n\n<section data-module='m03a' class=\"md:u-pt-fl m-content m-content--image-double   u-bg-[var(--module-background-color)] \" style=\"--module-background-color:var(--color-root-white); --pt-min-value:0; --pt-max-value:0;\">\n        <div class=\"l-container \" style=\"\" >\n        <div class=\"m-content__content u-pt-fl u-pb-fl u-px-fl u-text-[var(--module-text-color)]   \" style=\"--pt-min-value:7; --pt-max-value:10; --pb-min-value:7; --pb-max-value:10; --px-min-value:0; --px-max-value:0; \n                            \n         \n\n    \n    --module-text-color:var(--root-color); --module-subtitle-color:var(--root-color); --module-image-bg-pattern-color:var(--color-quaternary-500); --module-typography-ul-marker-color:var(--color-primary-500); --module-typography-link-color:var(--color-primary-500); --module-typography-link-hover-color:var(--color-primary-500); --module-legend-text-color:var(--color-primary-500);\n \">\n            \n                                            \n                \n\n\n\n\n\n\n\n\n\n\n\n\n<main class=\"l-grid   l-grid--2@md   u-items-start  u-justify-start u-gap-y-fl u-text-left\" style=\"--gap-y-min-value:3; --gap-y-max-value:3; --grid-gutter:    \n                \n                \n    clamp(1.5000rem, 0.3636rem + 3.030303030303vw, 4.0000rem)\n;\">\n                    <div class=\"l-grid__block\">\n            <h2 target class=\"c-title    c-title--300\" style=\"--title-emphasis-color: var(--color-root-white);\">\n        Technological committee\n            <\/h2>\n        <\/div>\n                    <div class=\"l-grid__block\">\n            <div class=\"c-typography  c-typography--paragraph-size\" style=\"--typography-paragraph-font-size: var(--font-size-180); --typography-max-width: 100%;\">\n    <p class=\"MsoNormal\">This committee aims to gauge the pulse of innovations and issues related to the digital and technological shift of retailers. It allows for:<\/p>\n<ul>\n<li class=\"MsoNormal\">Sharing knowledge and facilitating the exchange of information on the latest technological trends, sector innovations, and retail-specific solutions.<\/li>\n<li class=\"MsoNormal\">Identifying and discussing technological challenges faced by retailers, with a focus on solutions and strategies to overcome them.<\/li>\n<li class=\"MsoNormal\">Promoting best practices in adopting and integrating technologies, especially in areas such as e-commerce, logistics and inventory management, customer experience, etc.<\/li>\n<li class=\"MsoNormal\">Encouraging exploration of new technologies and promoting innovation within the sector.<\/li>\n<\/ul>\n<p>&nbsp;<\/p>\n\n<\/div>\n        <\/div>\n    <\/main>\n                                <\/div>\n    <\/div>\n<\/section>\n","protected":false},"excerpt":{"rendered":"","protected":false},"author":1,"featured_media":0,"parent":0,"menu_order":0,"comment_status":"closed","ping_status":"closed","template":"","meta":{"_acf_changed":false,"footnotes":""},"class_list":["post-3074","page","type-page","status-publish","hentry"],"acf":[],"yoast_head":"<!-- This site is optimized with the Yoast SEO plugin v27.2 - https:\/\/yoast.com\/product\/yoast-seo-wordpress\/ -->\n<title>Permanent advisory committees - Retail Council of Quebec (RCQ)<\/title>\n<meta name=\"description\" content=\"Learn more about our three permanent committees : Human resources, sustainable development and technology and digital shift!\" \/>\n<meta name=\"robots\" content=\"index, follow, max-snippet:-1, max-image-preview:large, max-video-preview:-1\" \/>\n<link rel=\"canonical\" href=\"https:\/\/www.cqcd.org\/en\/permanent-advisory-committees\/\" \/>\n<meta property=\"og:locale\" content=\"en_US\" \/>\n<meta property=\"og:type\" content=\"article\" \/>\n<meta property=\"og:title\" content=\"Permanent advisory committees - Retail Council of Quebec (RCQ)\" \/>\n<meta property=\"og:description\" content=\"Learn more about our three permanent committees : Human resources, sustainable development and technology and digital shift!\" \/>\n<meta property=\"og:url\" content=\"https:\/\/www.cqcd.org\/en\/permanent-advisory-committees\/\" \/>\n<meta property=\"og:site_name\" content=\"Conseil qu\u00e9b\u00e9cois du commerce de d\u00e9tail\" \/>\n<meta property=\"article:modified_time\" content=\"2024-07-15T17:12:54+00:00\" \/>\n<meta name=\"twitter:card\" content=\"summary_large_image\" \/>\n<script type=\"application\/ld+json\" class=\"yoast-schema-graph\">{\"@context\":\"https:\/\/schema.org\",\"@graph\":[{\"@type\":\"WebPage\",\"@id\":\"https:\/\/www.cqcd.org\/en\/permanent-advisory-committees\/\",\"url\":\"https:\/\/www.cqcd.org\/en\/permanent-advisory-committees\/\",\"name\":\"Permanent advisory committees - Retail Council of Quebec (RCQ)\",\"isPartOf\":{\"@id\":\"https:\/\/www.cqcd.org\/en\/#website\"},\"datePublished\":\"2024-07-03T18:01:55+00:00\",\"dateModified\":\"2024-07-15T17:12:54+00:00\",\"description\":\"Learn more about our three permanent committees : Human resources, sustainable development and technology and digital shift!\",\"breadcrumb\":{\"@id\":\"https:\/\/www.cqcd.org\/en\/permanent-advisory-committees\/#breadcrumb\"},\"inLanguage\":\"en-US\",\"potentialAction\":[{\"@type\":\"ReadAction\",\"target\":[\"https:\/\/www.cqcd.org\/en\/permanent-advisory-committees\/\"]}]},{\"@type\":\"BreadcrumbList\",\"@id\":\"https:\/\/www.cqcd.org\/en\/permanent-advisory-committees\/#breadcrumb\",\"itemListElement\":[{\"@type\":\"ListItem\",\"position\":1,\"name\":\"Accueil\",\"item\":\"https:\/\/www.cqcd.org\/en\/\"},{\"@type\":\"ListItem\",\"position\":2,\"name\":\"Permanent advisory committees\"}]},{\"@type\":\"WebSite\",\"@id\":\"https:\/\/www.cqcd.org\/en\/#website\",\"url\":\"https:\/\/www.cqcd.org\/en\/\",\"name\":\"Conseil qu\u00e9b\u00e9cois du commerce de d\u00e9tail\",\"description\":\"\",\"potentialAction\":[{\"@type\":\"SearchAction\",\"target\":{\"@type\":\"EntryPoint\",\"urlTemplate\":\"https:\/\/www.cqcd.org\/en\/?s={search_term_string}\"},\"query-input\":{\"@type\":\"PropertyValueSpecification\",\"valueRequired\":true,\"valueName\":\"search_term_string\"}}],\"inLanguage\":\"en-US\"}]}<\/script>\n<!-- \/ Yoast SEO plugin. -->","yoast_head_json":{"title":"Permanent advisory committees - Retail Council of Quebec (RCQ)","description":"Learn more about our three permanent committees : Human resources, sustainable development and technology and digital shift!","robots":{"index":"index","follow":"follow","max-snippet":"max-snippet:-1","max-image-preview":"max-image-preview:large","max-video-preview":"max-video-preview:-1"},"canonical":"https:\/\/www.cqcd.org\/en\/permanent-advisory-committees\/","og_locale":"en_US","og_type":"article","og_title":"Permanent advisory committees - Retail Council of Quebec (RCQ)","og_description":"Learn more about our three permanent committees : Human resources, sustainable development and technology and digital shift!","og_url":"https:\/\/www.cqcd.org\/en\/permanent-advisory-committees\/","og_site_name":"Conseil qu\u00e9b\u00e9cois du commerce de d\u00e9tail","article_modified_time":"2024-07-15T17:12:54+00:00","twitter_card":"summary_large_image","schema":{"@context":"https:\/\/schema.org","@graph":[{"@type":"WebPage","@id":"https:\/\/www.cqcd.org\/en\/permanent-advisory-committees\/","url":"https:\/\/www.cqcd.org\/en\/permanent-advisory-committees\/","name":"Permanent advisory committees - Retail Council of Quebec (RCQ)","isPartOf":{"@id":"https:\/\/www.cqcd.org\/en\/#website"},"datePublished":"2024-07-03T18:01:55+00:00","dateModified":"2024-07-15T17:12:54+00:00","description":"Learn more about our three permanent committees : Human resources, sustainable development and technology and digital shift!","breadcrumb":{"@id":"https:\/\/www.cqcd.org\/en\/permanent-advisory-committees\/#breadcrumb"},"inLanguage":"en-US","potentialAction":[{"@type":"ReadAction","target":["https:\/\/www.cqcd.org\/en\/permanent-advisory-committees\/"]}]},{"@type":"BreadcrumbList","@id":"https:\/\/www.cqcd.org\/en\/permanent-advisory-committees\/#breadcrumb","itemListElement":[{"@type":"ListItem","position":1,"name":"Accueil","item":"https:\/\/www.cqcd.org\/en\/"},{"@type":"ListItem","position":2,"name":"Permanent advisory committees"}]},{"@type":"WebSite","@id":"https:\/\/www.cqcd.org\/en\/#website","url":"https:\/\/www.cqcd.org\/en\/","name":"Conseil qu\u00e9b\u00e9cois du commerce de d\u00e9tail","description":"","potentialAction":[{"@type":"SearchAction","target":{"@type":"EntryPoint","urlTemplate":"https:\/\/www.cqcd.org\/en\/?s={search_term_string}"},"query-input":{"@type":"PropertyValueSpecification","valueRequired":true,"valueName":"search_term_string"}}],"inLanguage":"en-US"}]}},"_links":{"self":[{"href":"https:\/\/www.cqcd.org\/en\/wp-json\/wp\/v2\/pages\/3074","targetHints":{"allow":["GET"]}}],"collection":[{"href":"https:\/\/www.cqcd.org\/en\/wp-json\/wp\/v2\/pages"}],"about":[{"href":"https:\/\/www.cqcd.org\/en\/wp-json\/wp\/v2\/types\/page"}],"author":[{"embeddable":true,"href":"https:\/\/www.cqcd.org\/en\/wp-json\/wp\/v2\/users\/1"}],"replies":[{"embeddable":true,"href":"https:\/\/www.cqcd.org\/en\/wp-json\/wp\/v2\/comments?post=3074"}],"version-history":[{"count":1,"href":"https:\/\/www.cqcd.org\/en\/wp-json\/wp\/v2\/pages\/3074\/revisions"}],"predecessor-version":[{"id":3078,"href":"https:\/\/www.cqcd.org\/en\/wp-json\/wp\/v2\/pages\/3074\/revisions\/3078"}],"wp:attachment":[{"href":"https:\/\/www.cqcd.org\/en\/wp-json\/wp\/v2\/media?parent=3074"}],"curies":[{"name":"wp","href":"https:\/\/api.w.org\/{rel}","templated":true}]}}