{"id":4065,"date":"2024-07-18T16:49:47","date_gmt":"2024-07-18T20:49:47","guid":{"rendered":"https:\/\/www.cqcd.org\/produit\/guide-de-francisation-dans-le-commerce-de-detail\/"},"modified":"2024-07-23T15:06:57","modified_gmt":"2024-07-23T19:06:57","slug":"guide-de-francisation-dans-le-commerce-de-detail","status":"publish","type":"product","link":"https:\/\/www.cqcd.org\/en\/produit\/guide-de-francisation-dans-le-commerce-de-detail\/","title":{"rendered":"Francization guide for retail businesses"},"content":{"rendered":"<p>You will find contextual and practical information, including a checklist, about your obligations as an employer and business owner.<br \/>\n<strong>Revised edition 2023.<\/strong><\/p>\n","protected":false},"excerpt":{"rendered":"<p style=\"font-weight: 400;\">The Retail Council of Quebec offers you this francization guide to support businesses in their efforts to promote and use quality French. You\u2019ll find contextual and practical information, including a checklist, on your obligations as an employer and business owner.<\/p>\n<p style=\"font-weight: 400;\">You\u2019ll find that with the right approach, francization has many advantages. It\u2019s not as complex as you might think. The Office qu\u00e9b\u00e9cois de la langue fran\u00e7aise also offers the service M\u00e9mo, mon assistant pour la francisation. This service is intended for companies with fewer than 50 employees.<\/p>\n<p style=\"font-weight: 400;\">This guide has been produced in collaboration with Anik Pelletier, a francization specialist who offers support services to companies and businesses, and Me Lara Daniel, a lawyer specializing in francization and intellectual property at the law firm LDAL\u00c9GAL Inc. It is made possible by a financial contribution from the Office.<\/p>\n<p style=\"font-weight: 400;\"><strong>Last updated in 2023<\/strong><\/p>\n<p style=\"font-weight: 400;\"><strong>This guide is only available in French<\/strong><\/p>\n","protected":false},"featured_media":3985,"comment_status":"open","ping_status":"closed","template":"","meta":{"_acf_changed":false},"product_brand":[],"product_cat":[170],"product_tag":[175],"class_list":{"0":"post-4065","1":"product","2":"type-product","3":"status-publish","4":"has-post-thumbnail","6":"product_cat-tools","7":"product_tag-guides-du-cqcd-en","8":"member-discount","9":"discount-restricted","11":"first","12":"instock","13":"downloadable","14":"virtual","15":"purchasable","16":"product-type-simple"},"acf":[],"yoast_head":"<!-- This site is optimized with the Yoast SEO plugin v27.2 - https:\/\/yoast.com\/product\/yoast-seo-wordpress\/ -->\n<title>Francization guide for retail businesses - Conseil qu\u00e9b\u00e9cois du commerce de d\u00e9tail<\/title>\n<meta name=\"robots\" content=\"noindex, nofollow\" \/>\n<meta property=\"og:locale\" content=\"en_US\" \/>\n<meta property=\"og:type\" content=\"article\" \/>\n<meta property=\"og:title\" content=\"Francization guide for retail businesses - Conseil qu\u00e9b\u00e9cois du commerce de d\u00e9tail\" \/>\n<meta property=\"og:description\" content=\"The Retail Council of Quebec offers you this francization guide to support businesses in their efforts to promote and use quality French. You\u2019ll find contextual and practical information, including a checklist, on your obligations as an employer and business owner. You\u2019ll find that with the right approach, francization has many advantages. It\u2019s not as complex as you might think. The Office qu\u00e9b\u00e9cois de la langue fran\u00e7aise also offers the service M\u00e9mo, mon assistant pour la francisation. This service is intended for companies with fewer than 50 employees. This guide has been produced in collaboration with Anik Pelletier, a francization specialist who offers support services to companies and businesses, and Me Lara Daniel, a lawyer specializing in francization and intellectual property at the law firm LDAL\u00c9GAL Inc. It is made possible by a financial contribution from the Office. Last updated in 2023 This guide is only available in French\" \/>\n<meta property=\"og:url\" content=\"https:\/\/www.cqcd.org\/en\/produit\/guide-de-francisation-dans-le-commerce-de-detail\/\" \/>\n<meta property=\"og:site_name\" content=\"Conseil qu\u00e9b\u00e9cois du commerce de d\u00e9tail\" \/>\n<meta property=\"article:modified_time\" content=\"2024-07-23T19:06:57+00:00\" \/>\n<meta property=\"og:image\" content=\"https:\/\/www.cqcd.org\/wp-content\/uploads\/2024\/06\/Guide-francisation.png\" \/>\n\t<meta property=\"og:image:width\" content=\"300\" \/>\n\t<meta property=\"og:image:height\" content=\"300\" \/>\n\t<meta property=\"og:image:type\" content=\"image\/png\" \/>\n<meta name=\"twitter:card\" content=\"summary_large_image\" \/>\n<meta name=\"twitter:label1\" content=\"Est. reading time\" \/>\n\t<meta name=\"twitter:data1\" content=\"1 minute\" \/>\n<script type=\"application\/ld+json\" class=\"yoast-schema-graph\">{\"@context\":\"https:\/\/schema.org\",\"@graph\":[{\"@type\":\"WebPage\",\"@id\":\"https:\/\/www.cqcd.org\/en\/produit\/guide-de-francisation-dans-le-commerce-de-detail\/\",\"url\":\"https:\/\/www.cqcd.org\/en\/produit\/guide-de-francisation-dans-le-commerce-de-detail\/\",\"name\":\"Francization guide for retail businesses - Conseil qu\u00e9b\u00e9cois du commerce de d\u00e9tail\",\"isPartOf\":{\"@id\":\"https:\/\/www.cqcd.org\/en\/#website\"},\"primaryImageOfPage\":{\"@id\":\"https:\/\/www.cqcd.org\/en\/produit\/guide-de-francisation-dans-le-commerce-de-detail\/#primaryimage\"},\"image\":{\"@id\":\"https:\/\/www.cqcd.org\/en\/produit\/guide-de-francisation-dans-le-commerce-de-detail\/#primaryimage\"},\"thumbnailUrl\":\"https:\/\/www.cqcd.org\/wp-content\/uploads\/2024\/06\/Guide-francisation.png\",\"datePublished\":\"2024-07-18T20:49:47+00:00\",\"dateModified\":\"2024-07-23T19:06:57+00:00\",\"breadcrumb\":{\"@id\":\"https:\/\/www.cqcd.org\/en\/produit\/guide-de-francisation-dans-le-commerce-de-detail\/#breadcrumb\"},\"inLanguage\":\"en-US\",\"potentialAction\":[{\"@type\":\"ReadAction\",\"target\":[\"https:\/\/www.cqcd.org\/en\/produit\/guide-de-francisation-dans-le-commerce-de-detail\/\"]}]},{\"@type\":\"ImageObject\",\"inLanguage\":\"en-US\",\"@id\":\"https:\/\/www.cqcd.org\/en\/produit\/guide-de-francisation-dans-le-commerce-de-detail\/#primaryimage\",\"url\":\"https:\/\/www.cqcd.org\/wp-content\/uploads\/2024\/06\/Guide-francisation.png\",\"contentUrl\":\"https:\/\/www.cqcd.org\/wp-content\/uploads\/2024\/06\/Guide-francisation.png\",\"width\":300,\"height\":300,\"caption\":\"Francization guide\"},{\"@type\":\"BreadcrumbList\",\"@id\":\"https:\/\/www.cqcd.org\/en\/produit\/guide-de-francisation-dans-le-commerce-de-detail\/#breadcrumb\",\"itemListElement\":[{\"@type\":\"ListItem\",\"position\":1,\"name\":\"Accueil\",\"item\":\"https:\/\/www.cqcd.org\/en\/\"},{\"@type\":\"ListItem\",\"position\":2,\"name\":\"Boost your business with our essential tools and guides for retailers\",\"item\":\"https:\/\/www.cqcd.org\/en\/shop\/\"},{\"@type\":\"ListItem\",\"position\":3,\"name\":\"Francization guide for retail businesses\"}]},{\"@type\":\"WebSite\",\"@id\":\"https:\/\/www.cqcd.org\/en\/#website\",\"url\":\"https:\/\/www.cqcd.org\/en\/\",\"name\":\"Conseil qu\u00e9b\u00e9cois du commerce de d\u00e9tail\",\"description\":\"\",\"potentialAction\":[{\"@type\":\"SearchAction\",\"target\":{\"@type\":\"EntryPoint\",\"urlTemplate\":\"https:\/\/www.cqcd.org\/en\/?s={search_term_string}\"},\"query-input\":{\"@type\":\"PropertyValueSpecification\",\"valueRequired\":true,\"valueName\":\"search_term_string\"}}],\"inLanguage\":\"en-US\"}]}<\/script>\n<!-- \/ Yoast SEO plugin. -->","yoast_head_json":{"title":"Francization guide for retail businesses - Conseil qu\u00e9b\u00e9cois du commerce de d\u00e9tail","robots":{"index":"noindex","follow":"nofollow"},"og_locale":"en_US","og_type":"article","og_title":"Francization guide for retail businesses - Conseil qu\u00e9b\u00e9cois du commerce de d\u00e9tail","og_description":"The Retail Council of Quebec offers you this francization guide to support businesses in their efforts to promote and use quality French. You\u2019ll find contextual and practical information, including a checklist, on your obligations as an employer and business owner. You\u2019ll find that with the right approach, francization has many advantages. It\u2019s not as complex as you might think. The Office qu\u00e9b\u00e9cois de la langue fran\u00e7aise also offers the service M\u00e9mo, mon assistant pour la francisation. This service is intended for companies with fewer than 50 employees. This guide has been produced in collaboration with Anik Pelletier, a francization specialist who offers support services to companies and businesses, and Me Lara Daniel, a lawyer specializing in francization and intellectual property at the law firm LDAL\u00c9GAL Inc. It is made possible by a financial contribution from the Office. Last updated in 2023 This guide is only available in French","og_url":"https:\/\/www.cqcd.org\/en\/produit\/guide-de-francisation-dans-le-commerce-de-detail\/","og_site_name":"Conseil qu\u00e9b\u00e9cois du commerce de d\u00e9tail","article_modified_time":"2024-07-23T19:06:57+00:00","og_image":[{"width":300,"height":300,"url":"https:\/\/www.cqcd.org\/wp-content\/uploads\/2024\/06\/Guide-francisation.png","type":"image\/png"}],"twitter_card":"summary_large_image","twitter_misc":{"Est. reading time":"1 minute"},"schema":{"@context":"https:\/\/schema.org","@graph":[{"@type":"WebPage","@id":"https:\/\/www.cqcd.org\/en\/produit\/guide-de-francisation-dans-le-commerce-de-detail\/","url":"https:\/\/www.cqcd.org\/en\/produit\/guide-de-francisation-dans-le-commerce-de-detail\/","name":"Francization guide for retail businesses - Conseil qu\u00e9b\u00e9cois du commerce de d\u00e9tail","isPartOf":{"@id":"https:\/\/www.cqcd.org\/en\/#website"},"primaryImageOfPage":{"@id":"https:\/\/www.cqcd.org\/en\/produit\/guide-de-francisation-dans-le-commerce-de-detail\/#primaryimage"},"image":{"@id":"https:\/\/www.cqcd.org\/en\/produit\/guide-de-francisation-dans-le-commerce-de-detail\/#primaryimage"},"thumbnailUrl":"https:\/\/www.cqcd.org\/wp-content\/uploads\/2024\/06\/Guide-francisation.png","datePublished":"2024-07-18T20:49:47+00:00","dateModified":"2024-07-23T19:06:57+00:00","breadcrumb":{"@id":"https:\/\/www.cqcd.org\/en\/produit\/guide-de-francisation-dans-le-commerce-de-detail\/#breadcrumb"},"inLanguage":"en-US","potentialAction":[{"@type":"ReadAction","target":["https:\/\/www.cqcd.org\/en\/produit\/guide-de-francisation-dans-le-commerce-de-detail\/"]}]},{"@type":"ImageObject","inLanguage":"en-US","@id":"https:\/\/www.cqcd.org\/en\/produit\/guide-de-francisation-dans-le-commerce-de-detail\/#primaryimage","url":"https:\/\/www.cqcd.org\/wp-content\/uploads\/2024\/06\/Guide-francisation.png","contentUrl":"https:\/\/www.cqcd.org\/wp-content\/uploads\/2024\/06\/Guide-francisation.png","width":300,"height":300,"caption":"Francization guide"},{"@type":"BreadcrumbList","@id":"https:\/\/www.cqcd.org\/en\/produit\/guide-de-francisation-dans-le-commerce-de-detail\/#breadcrumb","itemListElement":[{"@type":"ListItem","position":1,"name":"Accueil","item":"https:\/\/www.cqcd.org\/en\/"},{"@type":"ListItem","position":2,"name":"Boost your business with our essential tools and guides for retailers","item":"https:\/\/www.cqcd.org\/en\/shop\/"},{"@type":"ListItem","position":3,"name":"Francization guide for retail businesses"}]},{"@type":"WebSite","@id":"https:\/\/www.cqcd.org\/en\/#website","url":"https:\/\/www.cqcd.org\/en\/","name":"Conseil qu\u00e9b\u00e9cois du commerce de d\u00e9tail","description":"","potentialAction":[{"@type":"SearchAction","target":{"@type":"EntryPoint","urlTemplate":"https:\/\/www.cqcd.org\/en\/?s={search_term_string}"},"query-input":{"@type":"PropertyValueSpecification","valueRequired":true,"valueName":"search_term_string"}}],"inLanguage":"en-US"}]}},"_links":{"self":[{"href":"https:\/\/www.cqcd.org\/en\/wp-json\/wp\/v2\/product\/4065","targetHints":{"allow":["GET"]}}],"collection":[{"href":"https:\/\/www.cqcd.org\/en\/wp-json\/wp\/v2\/product"}],"about":[{"href":"https:\/\/www.cqcd.org\/en\/wp-json\/wp\/v2\/types\/product"}],"replies":[{"embeddable":true,"href":"https:\/\/www.cqcd.org\/en\/wp-json\/wp\/v2\/comments?post=4065"}],"wp:featuredmedia":[{"embeddable":true,"href":"https:\/\/www.cqcd.org\/en\/wp-json\/wp\/v2\/media\/3985"}],"wp:attachment":[{"href":"https:\/\/www.cqcd.org\/en\/wp-json\/wp\/v2\/media?parent=4065"}],"wp:term":[{"taxonomy":"product_brand","embeddable":true,"href":"https:\/\/www.cqcd.org\/en\/wp-json\/wp\/v2\/product_brand?post=4065"},{"taxonomy":"product_cat","embeddable":true,"href":"https:\/\/www.cqcd.org\/en\/wp-json\/wp\/v2\/product_cat?post=4065"},{"taxonomy":"product_tag","embeddable":true,"href":"https:\/\/www.cqcd.org\/en\/wp-json\/wp\/v2\/product_tag?post=4065"}],"curies":[{"name":"wp","href":"https:\/\/api.w.org\/{rel}","templated":true}]}}