{"id":6365,"date":"2023-09-21T16:46:39","date_gmt":"2023-09-21T20:46:39","guid":{"rendered":"https:\/\/www.cqcd.org\/produit\/fiche-3-ameliorer-lapprovisionnement-responsable-de-votre-commerce\/"},"modified":"2024-09-24T16:57:24","modified_gmt":"2024-09-24T20:57:24","slug":"sheet-3-improve-responsible-sourcing-for-your-business","status":"publish","type":"product","link":"https:\/\/www.cqcd.org\/en\/produit\/sheet-3-improve-responsible-sourcing-for-your-business\/","title":{"rendered":"Sheet 3: Enhancing Responsible Sourcing for Your Business"},"content":{"rendered":"<p>Learn how to improve the responsible sourcing of your retail business with this practical guide.<\/p>\n","protected":false},"excerpt":{"rendered":"<p>Learn how to improve the responsible sourcing of your retail business with this practical guide.<\/p>\n","protected":false},"featured_media":6786,"comment_status":"closed","ping_status":"closed","template":"","meta":{"_acf_changed":false},"product_brand":[],"product_cat":[170],"product_tag":[230,234,235],"class_list":{"0":"post-6365","1":"product","2":"type-product","3":"status-publish","4":"has-post-thumbnail","6":"product_cat-tools","7":"product_tag-developpement-durable-en","8":"product_tag-approvisionnement-local-en","9":"product_tag-transition-ecologique-en","10":"member-discount","11":"discount-restricted","13":"first","14":"instock","15":"downloadable","16":"virtual","17":"taxable","18":"purchasable","19":"product-type-simple"},"acf":[],"yoast_head":"<!-- This site is optimized with the Yoast SEO plugin v27.2 - https:\/\/yoast.com\/product\/yoast-seo-wordpress\/ -->\n<title>Sheet 3: Enhancing Responsible Sourcing for Your Business - Conseil qu\u00e9b\u00e9cois du commerce de d\u00e9tail<\/title>\n<meta name=\"robots\" content=\"noindex, follow\" \/>\n<meta property=\"og:locale\" content=\"en_US\" \/>\n<meta property=\"og:type\" content=\"article\" \/>\n<meta property=\"og:title\" content=\"Sheet 3: Enhancing Responsible Sourcing for Your Business - Conseil qu\u00e9b\u00e9cois du commerce de d\u00e9tail\" \/>\n<meta property=\"og:description\" content=\"Learn how to improve the responsible sourcing of your retail business with this practical guide.\" \/>\n<meta property=\"og:url\" content=\"https:\/\/www.cqcd.org\/en\/produit\/sheet-3-improve-responsible-sourcing-for-your-business\/\" \/>\n<meta property=\"og:site_name\" content=\"Conseil qu\u00e9b\u00e9cois du commerce de d\u00e9tail\" \/>\n<meta property=\"article:modified_time\" content=\"2024-09-24T20:57:24+00:00\" \/>\n<meta property=\"og:image\" content=\"https:\/\/www.cqcd.org\/wp-content\/uploads\/2024\/09\/Outils-Transition-ecologique-1.jpg\" \/>\n\t<meta property=\"og:image:width\" content=\"658\" \/>\n\t<meta property=\"og:image:height\" content=\"518\" \/>\n\t<meta property=\"og:image:type\" content=\"image\/jpeg\" \/>\n<meta name=\"twitter:card\" content=\"summary_large_image\" \/>\n<meta name=\"twitter:label1\" content=\"Est. reading time\" \/>\n\t<meta name=\"twitter:data1\" content=\"1 minute\" \/>\n<script type=\"application\/ld+json\" class=\"yoast-schema-graph\">{\"@context\":\"https:\/\/schema.org\",\"@graph\":[{\"@type\":\"WebPage\",\"@id\":\"https:\/\/www.cqcd.org\/en\/produit\/sheet-3-improve-responsible-sourcing-for-your-business\/\",\"url\":\"https:\/\/www.cqcd.org\/en\/produit\/sheet-3-improve-responsible-sourcing-for-your-business\/\",\"name\":\"Sheet 3: Enhancing Responsible Sourcing for Your Business - Conseil qu\u00e9b\u00e9cois du commerce de d\u00e9tail\",\"isPartOf\":{\"@id\":\"https:\/\/www.cqcd.org\/en\/#website\"},\"primaryImageOfPage\":{\"@id\":\"https:\/\/www.cqcd.org\/en\/produit\/sheet-3-improve-responsible-sourcing-for-your-business\/#primaryimage\"},\"image\":{\"@id\":\"https:\/\/www.cqcd.org\/en\/produit\/sheet-3-improve-responsible-sourcing-for-your-business\/#primaryimage\"},\"thumbnailUrl\":\"https:\/\/www.cqcd.org\/wp-content\/uploads\/2024\/09\/Outils-Transition-ecologique-2.jpg\",\"datePublished\":\"2023-09-21T20:46:39+00:00\",\"dateModified\":\"2024-09-24T20:57:24+00:00\",\"breadcrumb\":{\"@id\":\"https:\/\/www.cqcd.org\/en\/produit\/sheet-3-improve-responsible-sourcing-for-your-business\/#breadcrumb\"},\"inLanguage\":\"en-US\",\"potentialAction\":[{\"@type\":\"ReadAction\",\"target\":[\"https:\/\/www.cqcd.org\/en\/produit\/sheet-3-improve-responsible-sourcing-for-your-business\/\"]}]},{\"@type\":\"ImageObject\",\"inLanguage\":\"en-US\",\"@id\":\"https:\/\/www.cqcd.org\/en\/produit\/sheet-3-improve-responsible-sourcing-for-your-business\/#primaryimage\",\"url\":\"https:\/\/www.cqcd.org\/wp-content\/uploads\/2024\/09\/Outils-Transition-ecologique-2.jpg\",\"contentUrl\":\"https:\/\/www.cqcd.org\/wp-content\/uploads\/2024\/09\/Outils-Transition-ecologique-2.jpg\",\"width\":658,\"height\":518,\"caption\":\"Outils pour les commerces - transition \u00e9cologique et \u00e9conomie circulaire\"},{\"@type\":\"BreadcrumbList\",\"@id\":\"https:\/\/www.cqcd.org\/en\/produit\/sheet-3-improve-responsible-sourcing-for-your-business\/#breadcrumb\",\"itemListElement\":[{\"@type\":\"ListItem\",\"position\":1,\"name\":\"Accueil\",\"item\":\"https:\/\/www.cqcd.org\/en\/\"},{\"@type\":\"ListItem\",\"position\":2,\"name\":\"Boost your business with our essential tools and guides for retailers\",\"item\":\"https:\/\/www.cqcd.org\/en\/shop\/\"},{\"@type\":\"ListItem\",\"position\":3,\"name\":\"Sheet 3: Enhancing Responsible Sourcing for Your Business\"}]},{\"@type\":\"WebSite\",\"@id\":\"https:\/\/www.cqcd.org\/en\/#website\",\"url\":\"https:\/\/www.cqcd.org\/en\/\",\"name\":\"Conseil qu\u00e9b\u00e9cois du commerce de d\u00e9tail\",\"description\":\"\",\"potentialAction\":[{\"@type\":\"SearchAction\",\"target\":{\"@type\":\"EntryPoint\",\"urlTemplate\":\"https:\/\/www.cqcd.org\/en\/?s={search_term_string}\"},\"query-input\":{\"@type\":\"PropertyValueSpecification\",\"valueRequired\":true,\"valueName\":\"search_term_string\"}}],\"inLanguage\":\"en-US\"}]}<\/script>\n<!-- \/ Yoast SEO plugin. -->","yoast_head_json":{"title":"Sheet 3: Enhancing Responsible Sourcing for Your Business - Conseil qu\u00e9b\u00e9cois du commerce de d\u00e9tail","robots":{"index":"noindex","follow":"follow"},"og_locale":"en_US","og_type":"article","og_title":"Sheet 3: Enhancing Responsible Sourcing for Your Business - Conseil qu\u00e9b\u00e9cois du commerce de d\u00e9tail","og_description":"Learn how to improve the responsible sourcing of your retail business with this practical guide.","og_url":"https:\/\/www.cqcd.org\/en\/produit\/sheet-3-improve-responsible-sourcing-for-your-business\/","og_site_name":"Conseil qu\u00e9b\u00e9cois du commerce de d\u00e9tail","article_modified_time":"2024-09-24T20:57:24+00:00","og_image":[{"width":658,"height":518,"url":"https:\/\/www.cqcd.org\/wp-content\/uploads\/2024\/09\/Outils-Transition-ecologique-1.jpg","type":"image\/jpeg"}],"twitter_card":"summary_large_image","twitter_misc":{"Est. reading time":"1 minute"},"schema":{"@context":"https:\/\/schema.org","@graph":[{"@type":"WebPage","@id":"https:\/\/www.cqcd.org\/en\/produit\/sheet-3-improve-responsible-sourcing-for-your-business\/","url":"https:\/\/www.cqcd.org\/en\/produit\/sheet-3-improve-responsible-sourcing-for-your-business\/","name":"Sheet 3: Enhancing Responsible Sourcing for Your Business - Conseil qu\u00e9b\u00e9cois du commerce de d\u00e9tail","isPartOf":{"@id":"https:\/\/www.cqcd.org\/en\/#website"},"primaryImageOfPage":{"@id":"https:\/\/www.cqcd.org\/en\/produit\/sheet-3-improve-responsible-sourcing-for-your-business\/#primaryimage"},"image":{"@id":"https:\/\/www.cqcd.org\/en\/produit\/sheet-3-improve-responsible-sourcing-for-your-business\/#primaryimage"},"thumbnailUrl":"https:\/\/www.cqcd.org\/wp-content\/uploads\/2024\/09\/Outils-Transition-ecologique-2.jpg","datePublished":"2023-09-21T20:46:39+00:00","dateModified":"2024-09-24T20:57:24+00:00","breadcrumb":{"@id":"https:\/\/www.cqcd.org\/en\/produit\/sheet-3-improve-responsible-sourcing-for-your-business\/#breadcrumb"},"inLanguage":"en-US","potentialAction":[{"@type":"ReadAction","target":["https:\/\/www.cqcd.org\/en\/produit\/sheet-3-improve-responsible-sourcing-for-your-business\/"]}]},{"@type":"ImageObject","inLanguage":"en-US","@id":"https:\/\/www.cqcd.org\/en\/produit\/sheet-3-improve-responsible-sourcing-for-your-business\/#primaryimage","url":"https:\/\/www.cqcd.org\/wp-content\/uploads\/2024\/09\/Outils-Transition-ecologique-2.jpg","contentUrl":"https:\/\/www.cqcd.org\/wp-content\/uploads\/2024\/09\/Outils-Transition-ecologique-2.jpg","width":658,"height":518,"caption":"Outils pour les commerces - transition \u00e9cologique et \u00e9conomie circulaire"},{"@type":"BreadcrumbList","@id":"https:\/\/www.cqcd.org\/en\/produit\/sheet-3-improve-responsible-sourcing-for-your-business\/#breadcrumb","itemListElement":[{"@type":"ListItem","position":1,"name":"Accueil","item":"https:\/\/www.cqcd.org\/en\/"},{"@type":"ListItem","position":2,"name":"Boost your business with our essential tools and guides for retailers","item":"https:\/\/www.cqcd.org\/en\/shop\/"},{"@type":"ListItem","position":3,"name":"Sheet 3: Enhancing Responsible Sourcing for Your Business"}]},{"@type":"WebSite","@id":"https:\/\/www.cqcd.org\/en\/#website","url":"https:\/\/www.cqcd.org\/en\/","name":"Conseil qu\u00e9b\u00e9cois du commerce de d\u00e9tail","description":"","potentialAction":[{"@type":"SearchAction","target":{"@type":"EntryPoint","urlTemplate":"https:\/\/www.cqcd.org\/en\/?s={search_term_string}"},"query-input":{"@type":"PropertyValueSpecification","valueRequired":true,"valueName":"search_term_string"}}],"inLanguage":"en-US"}]}},"_links":{"self":[{"href":"https:\/\/www.cqcd.org\/en\/wp-json\/wp\/v2\/product\/6365","targetHints":{"allow":["GET"]}}],"collection":[{"href":"https:\/\/www.cqcd.org\/en\/wp-json\/wp\/v2\/product"}],"about":[{"href":"https:\/\/www.cqcd.org\/en\/wp-json\/wp\/v2\/types\/product"}],"replies":[{"embeddable":true,"href":"https:\/\/www.cqcd.org\/en\/wp-json\/wp\/v2\/comments?post=6365"}],"wp:featuredmedia":[{"embeddable":true,"href":"https:\/\/www.cqcd.org\/en\/wp-json\/wp\/v2\/media\/6786"}],"wp:attachment":[{"href":"https:\/\/www.cqcd.org\/en\/wp-json\/wp\/v2\/media?parent=6365"}],"wp:term":[{"taxonomy":"product_brand","embeddable":true,"href":"https:\/\/www.cqcd.org\/en\/wp-json\/wp\/v2\/product_brand?post=6365"},{"taxonomy":"product_cat","embeddable":true,"href":"https:\/\/www.cqcd.org\/en\/wp-json\/wp\/v2\/product_cat?post=6365"},{"taxonomy":"product_tag","embeddable":true,"href":"https:\/\/www.cqcd.org\/en\/wp-json\/wp\/v2\/product_tag?post=6365"}],"curies":[{"name":"wp","href":"https:\/\/api.w.org\/{rel}","templated":true}]}}