{"id":6791,"date":"2023-10-09T14:21:58","date_gmt":"2023-10-09T18:21:58","guid":{"rendered":"https:\/\/www.cqcd.org\/produit\/fiche-5-ameliorer-la-mobilite-durable-et-optimiser-la-logistique-des-livraisons-de-votre-commerce\/"},"modified":"2024-10-09T14:26:35","modified_gmt":"2024-10-09T18:26:35","slug":"sheet-5-improve-sustainable-mobility-and-optimize-the-delivery-logistics-of-your-business","status":"publish","type":"product","link":"https:\/\/www.cqcd.org\/en\/produit\/sheet-5-improve-sustainable-mobility-and-optimize-the-delivery-logistics-of-your-business\/","title":{"rendered":"Sheet 5: Improve sustainable mobility and optimize the delivery logistics of your business"},"content":{"rendered":"<p>Discover our guide on logistics and sustainable mobility in retail.<\/p>\n","protected":false},"excerpt":{"rendered":"<p>Discover our guide on logistics and sustainable mobility in retail.<\/p>\n","protected":false},"featured_media":6786,"comment_status":"closed","ping_status":"closed","template":"","meta":{"_acf_changed":false},"product_brand":[],"product_cat":[170],"product_tag":[241,242,243],"class_list":{"0":"post-6791","1":"product","2":"type-product","3":"status-publish","4":"has-post-thumbnail","6":"product_cat-tools","7":"product_tag-livraison-ecologique-en","8":"product_tag-logistique-en","9":"product_tag-logistique-verte-en","10":"member-discount","11":"discount-restricted","13":"first","14":"instock","15":"downloadable","16":"virtual","17":"taxable","18":"purchasable","19":"product-type-simple"},"acf":[],"yoast_head":"<!-- This site is optimized with the Yoast SEO plugin v27.2 - https:\/\/yoast.com\/product\/yoast-seo-wordpress\/ -->\n<title>Sheet 5: Improve sustainable mobility and optimize the delivery logistics of your business - Retail Council of Quebec<\/title>\n<meta name=\"description\" content=\"Discover our guide on logistics and sustainable mobility in retail.\" \/>\n<meta name=\"robots\" content=\"noindex, follow\" \/>\n<meta property=\"og:locale\" content=\"en_US\" \/>\n<meta property=\"og:type\" content=\"article\" \/>\n<meta property=\"og:title\" content=\"Sheet 5: Improve sustainable mobility and optimize the delivery logistics of your business - Retail Council of Quebec\" \/>\n<meta property=\"og:description\" content=\"Discover our guide on logistics and sustainable mobility in retail.\" \/>\n<meta property=\"og:url\" content=\"https:\/\/www.cqcd.org\/en\/produit\/sheet-5-improve-sustainable-mobility-and-optimize-the-delivery-logistics-of-your-business\/\" \/>\n<meta property=\"og:site_name\" content=\"Conseil qu\u00e9b\u00e9cois du commerce de d\u00e9tail\" \/>\n<meta property=\"article:modified_time\" content=\"2024-10-09T18:26:35+00:00\" \/>\n<meta property=\"og:image\" content=\"https:\/\/www.cqcd.org\/wp-content\/uploads\/2024\/09\/enteteoutils.jpg\" \/>\n\t<meta property=\"og:image:width\" content=\"1023\" \/>\n\t<meta property=\"og:image:height\" content=\"539\" \/>\n\t<meta property=\"og:image:type\" content=\"image\/jpeg\" \/>\n<meta name=\"twitter:card\" content=\"summary_large_image\" \/>\n<meta name=\"twitter:label1\" content=\"Est. reading time\" \/>\n\t<meta name=\"twitter:data1\" content=\"1 minute\" \/>\n<script type=\"application\/ld+json\" class=\"yoast-schema-graph\">{\"@context\":\"https:\/\/schema.org\",\"@graph\":[{\"@type\":\"WebPage\",\"@id\":\"https:\/\/www.cqcd.org\/en\/produit\/sheet-5-improve-sustainable-mobility-and-optimize-the-delivery-logistics-of-your-business\/\",\"url\":\"https:\/\/www.cqcd.org\/en\/produit\/sheet-5-improve-sustainable-mobility-and-optimize-the-delivery-logistics-of-your-business\/\",\"name\":\"Sheet 5: Improve sustainable mobility and optimize the delivery logistics of your business - Retail Council of Quebec\",\"isPartOf\":{\"@id\":\"https:\/\/www.cqcd.org\/en\/#website\"},\"primaryImageOfPage\":{\"@id\":\"https:\/\/www.cqcd.org\/en\/produit\/sheet-5-improve-sustainable-mobility-and-optimize-the-delivery-logistics-of-your-business\/#primaryimage\"},\"image\":{\"@id\":\"https:\/\/www.cqcd.org\/en\/produit\/sheet-5-improve-sustainable-mobility-and-optimize-the-delivery-logistics-of-your-business\/#primaryimage\"},\"thumbnailUrl\":\"https:\/\/www.cqcd.org\/wp-content\/uploads\/2024\/09\/Outils-Transition-ecologique-2.jpg\",\"datePublished\":\"2023-10-09T18:21:58+00:00\",\"dateModified\":\"2024-10-09T18:26:35+00:00\",\"description\":\"Discover our guide on logistics and sustainable mobility in retail.\",\"breadcrumb\":{\"@id\":\"https:\/\/www.cqcd.org\/en\/produit\/sheet-5-improve-sustainable-mobility-and-optimize-the-delivery-logistics-of-your-business\/#breadcrumb\"},\"inLanguage\":\"en-US\",\"potentialAction\":[{\"@type\":\"ReadAction\",\"target\":[\"https:\/\/www.cqcd.org\/en\/produit\/sheet-5-improve-sustainable-mobility-and-optimize-the-delivery-logistics-of-your-business\/\"]}]},{\"@type\":\"ImageObject\",\"inLanguage\":\"en-US\",\"@id\":\"https:\/\/www.cqcd.org\/en\/produit\/sheet-5-improve-sustainable-mobility-and-optimize-the-delivery-logistics-of-your-business\/#primaryimage\",\"url\":\"https:\/\/www.cqcd.org\/wp-content\/uploads\/2024\/09\/Outils-Transition-ecologique-2.jpg\",\"contentUrl\":\"https:\/\/www.cqcd.org\/wp-content\/uploads\/2024\/09\/Outils-Transition-ecologique-2.jpg\",\"width\":658,\"height\":518,\"caption\":\"Outils pour les commerces - transition \u00e9cologique et \u00e9conomie circulaire\"},{\"@type\":\"BreadcrumbList\",\"@id\":\"https:\/\/www.cqcd.org\/en\/produit\/sheet-5-improve-sustainable-mobility-and-optimize-the-delivery-logistics-of-your-business\/#breadcrumb\",\"itemListElement\":[{\"@type\":\"ListItem\",\"position\":1,\"name\":\"Accueil\",\"item\":\"https:\/\/www.cqcd.org\/en\/\"},{\"@type\":\"ListItem\",\"position\":2,\"name\":\"Boost your business with our essential tools and guides for retailers\",\"item\":\"https:\/\/www.cqcd.org\/en\/shop\/\"},{\"@type\":\"ListItem\",\"position\":3,\"name\":\"Sheet 5: Improve sustainable mobility and optimize the delivery logistics of your business\"}]},{\"@type\":\"WebSite\",\"@id\":\"https:\/\/www.cqcd.org\/en\/#website\",\"url\":\"https:\/\/www.cqcd.org\/en\/\",\"name\":\"Conseil qu\u00e9b\u00e9cois du commerce de d\u00e9tail\",\"description\":\"\",\"potentialAction\":[{\"@type\":\"SearchAction\",\"target\":{\"@type\":\"EntryPoint\",\"urlTemplate\":\"https:\/\/www.cqcd.org\/en\/?s={search_term_string}\"},\"query-input\":{\"@type\":\"PropertyValueSpecification\",\"valueRequired\":true,\"valueName\":\"search_term_string\"}}],\"inLanguage\":\"en-US\"}]}<\/script>\n<!-- \/ Yoast SEO plugin. -->","yoast_head_json":{"title":"Sheet 5: Improve sustainable mobility and optimize the delivery logistics of your business - Retail Council of Quebec","description":"Discover our guide on logistics and sustainable mobility in retail.","robots":{"index":"noindex","follow":"follow"},"og_locale":"en_US","og_type":"article","og_title":"Sheet 5: Improve sustainable mobility and optimize the delivery logistics of your business - Retail Council of Quebec","og_description":"Discover our guide on logistics and sustainable mobility in retail.","og_url":"https:\/\/www.cqcd.org\/en\/produit\/sheet-5-improve-sustainable-mobility-and-optimize-the-delivery-logistics-of-your-business\/","og_site_name":"Conseil qu\u00e9b\u00e9cois du commerce de d\u00e9tail","article_modified_time":"2024-10-09T18:26:35+00:00","og_image":[{"width":1023,"height":539,"url":"https:\/\/www.cqcd.org\/wp-content\/uploads\/2024\/09\/enteteoutils.jpg","type":"image\/jpeg"}],"twitter_card":"summary_large_image","twitter_misc":{"Est. reading time":"1 minute"},"schema":{"@context":"https:\/\/schema.org","@graph":[{"@type":"WebPage","@id":"https:\/\/www.cqcd.org\/en\/produit\/sheet-5-improve-sustainable-mobility-and-optimize-the-delivery-logistics-of-your-business\/","url":"https:\/\/www.cqcd.org\/en\/produit\/sheet-5-improve-sustainable-mobility-and-optimize-the-delivery-logistics-of-your-business\/","name":"Sheet 5: Improve sustainable mobility and optimize the delivery logistics of your business - Retail Council of Quebec","isPartOf":{"@id":"https:\/\/www.cqcd.org\/en\/#website"},"primaryImageOfPage":{"@id":"https:\/\/www.cqcd.org\/en\/produit\/sheet-5-improve-sustainable-mobility-and-optimize-the-delivery-logistics-of-your-business\/#primaryimage"},"image":{"@id":"https:\/\/www.cqcd.org\/en\/produit\/sheet-5-improve-sustainable-mobility-and-optimize-the-delivery-logistics-of-your-business\/#primaryimage"},"thumbnailUrl":"https:\/\/www.cqcd.org\/wp-content\/uploads\/2024\/09\/Outils-Transition-ecologique-2.jpg","datePublished":"2023-10-09T18:21:58+00:00","dateModified":"2024-10-09T18:26:35+00:00","description":"Discover our guide on logistics and sustainable mobility in retail.","breadcrumb":{"@id":"https:\/\/www.cqcd.org\/en\/produit\/sheet-5-improve-sustainable-mobility-and-optimize-the-delivery-logistics-of-your-business\/#breadcrumb"},"inLanguage":"en-US","potentialAction":[{"@type":"ReadAction","target":["https:\/\/www.cqcd.org\/en\/produit\/sheet-5-improve-sustainable-mobility-and-optimize-the-delivery-logistics-of-your-business\/"]}]},{"@type":"ImageObject","inLanguage":"en-US","@id":"https:\/\/www.cqcd.org\/en\/produit\/sheet-5-improve-sustainable-mobility-and-optimize-the-delivery-logistics-of-your-business\/#primaryimage","url":"https:\/\/www.cqcd.org\/wp-content\/uploads\/2024\/09\/Outils-Transition-ecologique-2.jpg","contentUrl":"https:\/\/www.cqcd.org\/wp-content\/uploads\/2024\/09\/Outils-Transition-ecologique-2.jpg","width":658,"height":518,"caption":"Outils pour les commerces - transition \u00e9cologique et \u00e9conomie circulaire"},{"@type":"BreadcrumbList","@id":"https:\/\/www.cqcd.org\/en\/produit\/sheet-5-improve-sustainable-mobility-and-optimize-the-delivery-logistics-of-your-business\/#breadcrumb","itemListElement":[{"@type":"ListItem","position":1,"name":"Accueil","item":"https:\/\/www.cqcd.org\/en\/"},{"@type":"ListItem","position":2,"name":"Boost your business with our essential tools and guides for retailers","item":"https:\/\/www.cqcd.org\/en\/shop\/"},{"@type":"ListItem","position":3,"name":"Sheet 5: Improve sustainable mobility and optimize the delivery logistics of your business"}]},{"@type":"WebSite","@id":"https:\/\/www.cqcd.org\/en\/#website","url":"https:\/\/www.cqcd.org\/en\/","name":"Conseil qu\u00e9b\u00e9cois du commerce de d\u00e9tail","description":"","potentialAction":[{"@type":"SearchAction","target":{"@type":"EntryPoint","urlTemplate":"https:\/\/www.cqcd.org\/en\/?s={search_term_string}"},"query-input":{"@type":"PropertyValueSpecification","valueRequired":true,"valueName":"search_term_string"}}],"inLanguage":"en-US"}]}},"_links":{"self":[{"href":"https:\/\/www.cqcd.org\/en\/wp-json\/wp\/v2\/product\/6791","targetHints":{"allow":["GET"]}}],"collection":[{"href":"https:\/\/www.cqcd.org\/en\/wp-json\/wp\/v2\/product"}],"about":[{"href":"https:\/\/www.cqcd.org\/en\/wp-json\/wp\/v2\/types\/product"}],"replies":[{"embeddable":true,"href":"https:\/\/www.cqcd.org\/en\/wp-json\/wp\/v2\/comments?post=6791"}],"wp:featuredmedia":[{"embeddable":true,"href":"https:\/\/www.cqcd.org\/en\/wp-json\/wp\/v2\/media\/6786"}],"wp:attachment":[{"href":"https:\/\/www.cqcd.org\/en\/wp-json\/wp\/v2\/media?parent=6791"}],"wp:term":[{"taxonomy":"product_brand","embeddable":true,"href":"https:\/\/www.cqcd.org\/en\/wp-json\/wp\/v2\/product_brand?post=6791"},{"taxonomy":"product_cat","embeddable":true,"href":"https:\/\/www.cqcd.org\/en\/wp-json\/wp\/v2\/product_cat?post=6791"},{"taxonomy":"product_tag","embeddable":true,"href":"https:\/\/www.cqcd.org\/en\/wp-json\/wp\/v2\/product_tag?post=6791"}],"curies":[{"name":"wp","href":"https:\/\/api.w.org\/{rel}","templated":true}]}}